{"id":87,"date":"2022-01-04T10:43:02","date_gmt":"2022-01-04T07:43:02","guid":{"rendered":"http:\/\/unsuredu.com\/tr\/?page_id=87"},"modified":"2022-01-04T10:43:02","modified_gmt":"2022-01-04T07:43:02","slug":"turkce-dil-egitimleri","status":"publish","type":"page","link":"https:\/\/unsuredu.com\/tr\/turkce-dil-egitimleri\/","title":{"rendered":"T\u00dcRK\u00c7E D\u0130L E\u011e\u0130T\u0130MLER\u0130"},"content":{"rendered":"<p>Unsur Education Agency b\u00fcnyesinde verilen T\u00fcrk\u00e7e dil e\u011fitimlerinin temel amac\u0131, \u00f6\u011frencilerimize dil bilgisi konular\u0131ndan ziyade T\u00fcrk\u00e7e analitik d\u00fc\u015f\u00fcnmeye ve konu\u015fma yeteneklerini geli\u015ftirmeye y\u00f6nelik dil egzersizleri ve etkinlikler yap\u0131lmas\u0131 hedeflenmektedir. Hocalar sadece gerekti\u011fi kadar dil bilgisi kural\u0131 verip, detayland\u0131rmalar\u0131 konu\u015fma \u00fczerine yapmaktad\u0131rlar. Amac\u0131m\u0131z, dinleme \u2013 konu\u015fma \u2013 okuma \u2013 yazma becerilerini geli\u015ftirecek \u015fekilde, hemen hemen her konuyla ilgili \u00f6\u011frencinin pratik yapmas\u0131n\u0131 sa\u011flamakt\u0131r.<\/p>\n<p>E\u011fitim takvimindeki \u00e7o\u011fu konuyla ilgili slaytlar veya ek \u00e7al\u0131\u015fma dok\u00fcmanlar\u0131 bulunmaktad\u0131r. Bu \u00e7al\u0131\u015fmalar ana dili T\u00fcrk\u00e7e olmayan insanlar i\u00e7in nispeten kar\u0131\u015f\u0131k ve zor bir dil olan T\u00fcrk\u00e7e\u2019yi \u00f6\u011frenmelerini kolayla\u015ft\u0131racakt\u0131r. Bu \u00f6\u011frenme s\u00fcrecinde uzman e\u011fitim kadrosu ve interaktif \u00f6\u011fretim metodlar\u0131 da \u00f6\u011frencilere yard\u0131mc\u0131 olacakt\u0131r.<\/p>\n<p><b>Online Dil E\u011fitimleri<\/b><\/p>\n<p>D\u00fcnyan\u0131n heryerinden T\u00fcrk\u00e7e dil e\u011fitimi almak isteyen \u00f6\u011frencilerimiz i\u00e7in online kurslar\u0131m\u0131z mevcuttur. Online kurslar\u0131m\u0131z da s\u0131n\u0131flardaki \u00f6\u011frenci say\u0131m\u0131z d\u00f6rt ki\u015fiyi ge\u00e7mez. \u00c7\u00fcnk\u00fc dil e\u011fitiminde \u00f6\u011fretmenlerimizin, \u00f6\u011frencilerle birebir ilgilenmesine \u00f6zen g\u00f6steriyoruz. Online kurslar\u0131m\u0131z\u0131 tercih eden \u00f6\u011frenciler i\u00e7in en uygun saat ve g\u00fcnleri ayarlamak hem ders verme format\u0131 hem de ki\u015fi say\u0131s\u0131 sayesinde daha kolay olmaktad\u0131r. Bu sistemle alan\u0131nda uzman Arap\u00e7a konu\u015fabilen, T\u00fcrk hocalar\u0131m\u0131z vard\u0131r. \u00dc\u00e7 ay \u00f6\u011fretmenlerimizden ders alan \u00f6\u011frencilerimiz T\u00fcrk\u00e7e\u2019de belli bir seviyeye gelebiliyor. Dilin mant\u0131\u011f\u0131n\u0131 kavrama konusunda ilerleme kaydediyor. Ayr\u0131ca bu s\u00fcreyi tamamlayan \u00f6\u011frencilerimize kat\u0131l\u0131m sertifikas\u0131 da veriyoruz.<\/p>\n<p><b>Y\u00fczy\u00fcze \u00d6zel Dersler<\/b><\/p>\n<p>Bu program T\u00fcrkiye\u2019de bulunup tek ba\u015f\u0131na veya ailesiyle beraber ders almak isteyen \u00f6\u011frenciler i\u00e7indir. Bu program\u0131 tercih eden ki\u015filere \u00f6zel bir m\u00fcfredat ve ilerleme program\u0131 haz\u0131rlanaca\u011f\u0131 i\u00e7in daha h\u0131zl\u0131 T\u00fcrk\u00e7e \u00f6\u011frenebilirler. Zaman ve mekan dersi alan ki\u015fi taraf\u0131ndan belirlenir. Ailenizle beraber ald\u0131\u011f\u0131n\u0131z dersler de \u00f6zel indirimler mevcuttur. Arap\u00e7ay\u0131 iyi konu\u015fan bay ve bayan T\u00fcrk \u00f6\u011fretmenlerimizden ders alabilrsiniz. Bu programdan sonra k\u0131sa zamanda T\u00fcrk\u00e7e dilini \u00f6\u011frenip zamandan tasarruf sa\u011flayabilirsiniz. Program sonunda bitirdi\u011finiz seviyeye kadar sertifika imkan\u0131 da sa\u011fl\u0131yoruz.<\/p>\n<p><b>Yaz Dil Kursu<\/b><\/p>\n<p>Bu program yaz d\u00f6nemi i\u00e7in ge\u00e7erlidir. Yaz aylar\u0131nda T\u00fcrkiye\u2019ye hem e\u011fitim hem tatil i\u00e7in gelmek isteyen \u00f6\u011frencilerimizin ve ailelerin veya yaz aylar\u0131nda T\u00fcrkiye\u2019de ikamet eden \u00f6\u011frencilerin tercih etti\u011fi bir programd\u0131r. Bu program sadece dil kursu olarak de\u011fil, geziler ve e\u011flence faaliyetleri gibi opsiyonlar\u0131n sunuldu\u011fu bir programd\u0131r. Kursumuzun yak\u0131n\u0131nda konaklama imkan\u0131 da talep do\u011frultusunda sa\u011flanan imkanlar aras\u0131ndad\u0131r. Yaz aylar\u0131n\u0131 tatil ve e\u011fitim ile birlikte g\u00f6t\u00fcrmek isteyen \u00f6\u011frencilerimiz i\u00e7in \u00e7ok g\u00fczel bir f\u0131rsatt\u0131r. Program iki veya \u00fc\u00e7 ay se\u00e7enekleri olarak iki se\u00e7enekten olu\u015fur. Derslerin i\u00e7erikleri konu\u015fma ve anlama \u00fczerinedir. Bu programda al\u0131nan temel e\u011fitimin \u00fczerine \u00f6\u011frenci kendi \u00e7al\u0131\u015fmas\u0131 ile geli\u015ftirerek ilerletebilir.<\/p>\n<p><b>T\u00fcr\u00e7e Kursu Dil Seviyeleri<\/b><\/p>\n<p><b>Ba\u015flang\u0131\u00e7 Seviyesi A1- A2<\/b><\/p>\n<p>Ba\u015flang\u0131\u00e7 olarak isimlendirdi\u011fimiz bu seviye T\u00fcrk\u00e7eyle ilk tan\u0131\u015fma ve temel olu\u015fturma seviyesidir. Bu seviyeden sonra bailang\u0131\u00e7 d\u00fczeyinde, gramer bilgisi, konu\u015fma becerisi,  ve kelime bilgisi kazan\u0131m\u0131 hedeflenmektedir.<\/p>\n<p>Bu seviyeyi tamamlad\u0131\u011f\u0131n\u0131zda  temel T\u00fcrk\u00e7e bilgisine h\u00e2kim olur, bir\u00e7ok kelime \u00f6\u011frenebilir, k\u0131sa metinleri okuyabilir ve anlayabilir. Temel kal\u0131plar\u0131n\u0131 kullanarak basit c\u00fcmleler kurabilir. G\u00fcnl\u00fck konu\u015fmalar\u0131 anlayabilir seviyeye ula\u015f\u0131rs\u0131n\u0131z. Bu iki seviye iki ders kitab\u0131 ve iki \u00e7al\u0131\u015fma kitab\u0131 olarak d\u00f6rt kitaptan olu\u015fur. \u00d6\u011frencinin ders program\u0131 ve \u00e7al\u0131\u015fmas\u0131na g\u00f6re de\u011fi\u015febilir. Fakat ortalama bitirme s\u00fcresi  d\u00f6rt veya be\u015f ay zaman aral\u0131\u011f\u0131d\u0131r.<\/p>\n<p><b>Orta Seviye B1- B2<\/b><\/p>\n<p>Orta seviyeolarak adland\u0131r\u0131lan bu seviyede derslerimiz  %70 T\u00fcrk\u00e7e  %30 Arap\u00e7a dilinde ger\u00e7ekle\u015fir. B1 ve B2 seviyelerinin as\u0131l amac\u0131 \u00f6\u011frenilen bilgileri  prati\u011fe d\u00f6kmek, ve ak\u0131c\u0131 \u015fekilde okuma, yazma ve konu\u015fma eylemlerini ger\u00e7ekle\u015ftirebilmektir.<\/p>\n<p>Bu iki  seviyeden sonra  daha rahat c\u00fcmle kurabilir, duygu ve d\u00fc\u015f\u00fcncelerinizi kolayca ifade edebilir seviyeye  ula\u015f\u0131rs\u0131n\u0131z. \u00c7al\u0131\u015fman\u0131za ba\u011fl\u0131 olarak kelime hazneniz 1500 kelimeye kadar geni\u015fler. G\u00fcnl\u00fck sohbetlere d\u00e2hil olabilir, k\u0131sa metinleri okuyabilir ve yazabilirsiniz. Bu iki seviyeden sonra art\u0131k t\u00fcrk\u00e7e konu\u015fmaya ba\u015flad\u0131\u011f\u0131n\u0131z\u0131 fark edebilirsiniz. Ortalama bitirme s\u00fcresi d\u00f6rt ve be\u015f ay zaman aral\u0131\u011f\u0131d\u0131r.<\/p>\n<p><b>\u00dcst Seviye C1- C2<\/b><\/p>\n<p>\u00dcst seviye olarak isimlendirdi\u011fimiz C1 ve C2 seviyesinde derslerimiz T\u00fcrk\u00e7e olarak devam eder. Bu a\u015famada gramerin b\u00fcy\u00fck b\u00f6l\u00fcm\u00fc tamamland\u0131\u011f\u0131ndan, program a\u011f\u0131rl\u0131kl\u0131 olarak prati\u011fe y\u00f6nelik; dinleme, konu\u015fma ve ileri seviyede yazma becerileriyle devam eder. Bu seviye de Genel T\u00fcrk\u00e7e e\u011fitiminin yan\u0131nda akademik seviyede T\u00fcrk\u00e7e bilgisinin de \u00f6\u011frenildi\u011fi seviyedir.<\/p>\n<p>Bu seviyeyi tamamlad\u0131\u011f\u0131n\u0131zda,  ihtiyac\u0131n\u0131z olan konu\u015fma becerisinin %90\u2019\u0131na sahip olup uzun ve komplike c\u00fcmleler kurabilirsiniz. Mesleki ve akademik tart\u0131\u015fmalara girebilir, farkl\u0131 aksanlar\u0131 anlayabilirsiniz. Uzun metinler yazabilir ve \u00e7evirebilir seviyeye ula\u015f\u0131rs\u0131n\u0131z. Altyaz\u0131s\u0131z film izleyebilir, radyo dinleyebilir, haber okuyabilirsiniz. \u00d6\u011frencinin ders program\u0131 ve \u00e7al\u0131\u015fmas\u0131na g\u00f6re de\u011fi\u015febilir fakat ortalama bitirme s\u00fcresi d\u00f6rt ve be\u015f ay zaman aral\u0131\u011f\u0131d\u0131r.<\/p>\n","protected":false},"excerpt":{"rendered":"<p>Unsur Education Agency b\u00fcnyesinde verilen T\u00fcrk\u00e7e dil e\u011fitimlerinin temel amac\u0131, \u00f6\u011frencilerimize dil bilgisi konular\u0131ndan ziyade T\u00fcrk\u00e7e analitik d\u00fc\u015f\u00fcnmeye ve konu\u015fma yeteneklerini geli\u015ftirmeye y\u00f6nelik dil egzersizleri ve etkinlikler yap\u0131lmas\u0131 hedeflenmektedir. Hocalar sadece gerekti\u011fi kadar dil bilgisi kural\u0131 verip, detayland\u0131rmalar\u0131 konu\u015fma \u00fczerine yapmaktad\u0131rlar. Amac\u0131m\u0131z, dinleme \u2013 konu\u015fma \u2013 okuma \u2013 yazma becerilerini geli\u015ftirecek \u015fekilde, hemen hemen her [&hellip;]<\/p>\n","protected":false},"author":1,"featured_media":0,"parent":0,"menu_order":0,"comment_status":"closed","ping_status":"closed","template":"sayfa\/turkce-dil-egitimleri.php","meta":[],"_links":{"self":[{"href":"https:\/\/unsuredu.com\/tr\/wp-json\/wp\/v2\/pages\/87"}],"collection":[{"href":"https:\/\/unsuredu.com\/tr\/wp-json\/wp\/v2\/pages"}],"about":[{"href":"https:\/\/unsuredu.com\/tr\/wp-json\/wp\/v2\/types\/page"}],"author":[{"embeddable":true,"href":"https:\/\/unsuredu.com\/tr\/wp-json\/wp\/v2\/users\/1"}],"replies":[{"embeddable":true,"href":"https:\/\/unsuredu.com\/tr\/wp-json\/wp\/v2\/comments?post=87"}],"version-history":[{"count":1,"href":"https:\/\/unsuredu.com\/tr\/wp-json\/wp\/v2\/pages\/87\/revisions"}],"predecessor-version":[{"id":88,"href":"https:\/\/unsuredu.com\/tr\/wp-json\/wp\/v2\/pages\/87\/revisions\/88"}],"wp:attachment":[{"href":"https:\/\/unsuredu.com\/tr\/wp-json\/wp\/v2\/media?parent=87"}],"curies":[{"name":"wp","href":"https:\/\/api.w.org\/{rel}","templated":true}]}}