{"id":85,"date":"2022-01-04T10:42:35","date_gmt":"2022-01-04T07:42:35","guid":{"rendered":"http:\/\/unsuredu.com\/tr\/?page_id=85"},"modified":"2022-01-04T10:42:35","modified_gmt":"2022-01-04T07:42:35","slug":"tc-vatandaslik-basvuru-hizmetleri","status":"publish","type":"page","link":"https:\/\/unsuredu.com\/tr\/tc-vatandaslik-basvuru-hizmetleri\/","title":{"rendered":"T.C VATANDA\u015eLIK BA\u015eVURU H\u0130ZMETLER\u0130"},"content":{"rendered":"<p>Vatanda\u015fl\u0131k ba\u015fvurular\u0131, yabanc\u0131 \u00f6\u011frencilerimiz ve ailelerin en \u00e7ok sordu\u011fu ve talep etti\u011fi  hizmetlerdendir. \u00c7\u00fcnk\u00fc yabanc\u0131lar\u0131n en \u00e7ok s\u0131k\u0131nt\u0131 \u00e7ekti\u011fi ve ma\u011fdur oldu\u011fu konulardand\u0131r. Vatanda\u015fl\u0131k ba\u015fvurular\u0131nda uzman bir ekipten veya bir avukattan dan\u0131\u015fmanl\u0131k almak \u00f6nemlidir.<\/p>\n<p>B\u00fcnyemizde bulunan tecr\u00fcbeli avukatlar sayesinde h\u0131zl\u0131 ve g\u00fcvenilir bir hizmet veriyoruz. Vatanda\u015fl\u0131k ba\u015fvurular\u0131nda istenmedik sonu\u00e7larla kar\u015f\u0131la\u015fmamak i\u00e7in, \u00f6n incelemeden, dosya olu\u015fturmaya vatanda\u015fl\u0131k ba\u015fvurusunun yap\u0131lmas\u0131ndan takip i\u015flemlerinin yap\u0131lmas\u0131na kadar titizlikle ilgilenen avukat kadromuzdan dan\u0131\u015fmanl\u0131k hizmeti alabilirsiniz.<\/p>\n<p>Vatanda\u015fl\u0131k ba\u015fvurular\u0131 yurt i\u00e7inde ikamet edenler i\u00e7in il n\u00fcfus ve vatanda\u015fl\u0131k m\u00fcd\u00fcrl\u00fcklerine yap\u0131l\u0131r. Yurt d\u0131\u015f\u0131nda ise T\u00fcrkiye Cumhuriyet temsilciliklerine bizzat veya vekilleri taraf\u0131ndan yap\u0131labilir. Vatanda\u015fl\u0131k ba\u015fvurular\u0131 genellikle alt\u0131 veya yirmi d\u00f6rt ay aras\u0131nda sonu\u00e7lan\u0131r.<\/p>\n<p><b>Yabanc\u0131lar i\u00e7in Vatanda\u015fl\u0131k Hakk\u0131 Nas\u0131l Kazan\u0131l\u0131r<\/b><\/p>\n<p>&#8211; T\u00fcrkiye\u2019de kesintisiz be\u015f y\u0131l \u00e7al\u0131\u015fma izniyle \u00e7al\u0131\u015fm\u0131\u015f olan yabanc\u0131lar\u0131 kanun da belirtilen di\u011fer \u015fartlar\u0131 ta\u015f\u0131mas\u0131 halinde yetkili makam karar\u0131yla T\u00fcrk vatanda\u015fl\u0131\u011f\u0131 kazan\u0131r.<br \/>\n                                &#8211; T\u00fcrk vatanda\u015fl\u0131\u011f\u0131 evlenme yoluyla da kazan\u0131l\u0131r. En az \u00fc\u00e7 sene evli kald\u0131ktan sonra, T\u00fcrk vatanda\u015fl\u0131\u011f\u0131 i\u00e7in ba\u015fvuruda bulunabilinir.<br \/>\n                                &#8211; Bir T\u00fcrk vatanda\u015f\u0131 taraf\u0131ndan evlat edinilen yabanc\u0131 uyruklu bir ki\u015fi T\u00fcrk vatanda\u015fl\u0131\u011f\u0131 kazanabilir.<br \/>\n                                &#8211; T\u00fcrk vatanda\u015fl\u0131\u011f\u0131 istisnai olarak kazanabilinir.<br \/>\n                                &#8211; T\u00fcrkiye\u2019ye sanayi tesisleri getiren veya k\u00fclt\u00fcrel, spor vb. faaliyetlerdeki \u00fcst\u00fcn d\u00fczeydeki ki\u015filer.<br \/>\n                                &#8211; Vatanda\u015fl\u0131\u011fa al\u0131nmas\u0131 zaruri g\u00f6r\u00fclen ki\u015filer.<br \/>\n                                &#8211; G\u00f6\u00e7men olarak kabul edilen ki\u015filer.<br \/>\n                                &#8211; Turkuaz kart sahipleri ve aileleri de turkuaz kart\u0131 ald\u0131ktan \u00fc\u00e7 y\u0131l sonra ba\u015fvuruda bulunabilir.<br \/>\n                                &#8211; 250.000 $ de\u011ferinde T\u00fcrkiye\u2019de herhangi bir gayrimenkul sat\u0131n almak veya yat\u0131r\u0131m yapmak suretiyle gelen ki\u015filer de vatanda\u015fl\u0131k almaya hak kazan\u0131r.\n                            <\/p>\n","protected":false},"excerpt":{"rendered":"<p>Vatanda\u015fl\u0131k ba\u015fvurular\u0131, yabanc\u0131 \u00f6\u011frencilerimiz ve ailelerin en \u00e7ok sordu\u011fu ve talep etti\u011fi hizmetlerdendir. \u00c7\u00fcnk\u00fc yabanc\u0131lar\u0131n en \u00e7ok s\u0131k\u0131nt\u0131 \u00e7ekti\u011fi ve ma\u011fdur oldu\u011fu konulardand\u0131r. Vatanda\u015fl\u0131k ba\u015fvurular\u0131nda uzman bir ekipten veya bir avukattan dan\u0131\u015fmanl\u0131k almak \u00f6nemlidir. B\u00fcnyemizde bulunan tecr\u00fcbeli avukatlar sayesinde h\u0131zl\u0131 ve g\u00fcvenilir bir hizmet veriyoruz. Vatanda\u015fl\u0131k ba\u015fvurular\u0131nda istenmedik sonu\u00e7larla kar\u015f\u0131la\u015fmamak i\u00e7in, \u00f6n incelemeden, dosya olu\u015fturmaya [&hellip;]<\/p>\n","protected":false},"author":1,"featured_media":0,"parent":0,"menu_order":0,"comment_status":"closed","ping_status":"closed","template":"sayfa\/tc-vatandaslik-basvuru-islemleri.php","meta":[],"_links":{"self":[{"href":"https:\/\/unsuredu.com\/tr\/wp-json\/wp\/v2\/pages\/85"}],"collection":[{"href":"https:\/\/unsuredu.com\/tr\/wp-json\/wp\/v2\/pages"}],"about":[{"href":"https:\/\/unsuredu.com\/tr\/wp-json\/wp\/v2\/types\/page"}],"author":[{"embeddable":true,"href":"https:\/\/unsuredu.com\/tr\/wp-json\/wp\/v2\/users\/1"}],"replies":[{"embeddable":true,"href":"https:\/\/unsuredu.com\/tr\/wp-json\/wp\/v2\/comments?post=85"}],"version-history":[{"count":1,"href":"https:\/\/unsuredu.com\/tr\/wp-json\/wp\/v2\/pages\/85\/revisions"}],"predecessor-version":[{"id":86,"href":"https:\/\/unsuredu.com\/tr\/wp-json\/wp\/v2\/pages\/85\/revisions\/86"}],"wp:attachment":[{"href":"https:\/\/unsuredu.com\/tr\/wp-json\/wp\/v2\/media?parent=85"}],"curies":[{"name":"wp","href":"https:\/\/api.w.org\/{rel}","templated":true}]}}