{"id":83,"date":"2022-01-04T10:41:41","date_gmt":"2022-01-04T07:41:41","guid":{"rendered":"http:\/\/unsuredu.com\/tr\/?page_id=83"},"modified":"2022-01-04T10:41:41","modified_gmt":"2022-01-04T07:41:41","slug":"universite-denkligi","status":"publish","type":"page","link":"https:\/\/unsuredu.com\/tr\/universite-denkligi\/","title":{"rendered":"\u00dcN\u0130VERS\u0130TE DENKL\u0130\u011e\u0130"},"content":{"rendered":"<p>Bu hizmeti yurt d\u0131\u015f\u0131nda \u00fcniversite e\u011fitimini tamamlay\u0131p T\u00fcrkiye\u2019de resmi kanunlara g\u00f6re \u00e7al\u0131\u015fmak veya e\u011fitim hayat\u0131na devam etmek isteyen ki\u015filer talep etmektedir. Bu hizmet uzun ve \u00e7e\u015fitli prosed\u00fcrleri olan bir s\u00fcre\u00e7  olmas\u0131ndan dolay\u0131 uzman bir ekipten yard\u0131m alman\u0131z\u0131 tavsiye ederiz. <\/p>\n<p>Bu i\u015flemleri yaparken dan\u0131\u015fmanlar\u0131m\u0131za daha kaliteli hizmet vermek ve i\u015flemleri h\u0131zland\u0131rmak i\u00e7in vekaletname al\u0131r\u0131z. Gerekli belgeleri toplad\u0131ktan sonra yeminli terc\u00fcmanlara ve notere g\u00f6nderip i\u015flemlere ba\u015flar\u0131z. \u0130\u015flemelerin sonucunda bakanl\u0131k diplomay\u0131 ya direk kabul eder ya da baz\u0131 derslerin T\u00fcrkiye\u2019de s\u00f6yledi\u011fi \u00fcniversitelerde al\u0131nmas\u0131n\u0131n ard\u0131ndan ki\u015finin diplomas\u0131n\u0131 kabul edece\u011fine dair bir sonu\u00e7 \u00e7\u0131kart\u0131r. <\/p>\n<p>T\u00fcrkiye\u2019de uzun vadeli i\u015f, e\u011fitim veya ya\u015fama planlar\u0131 olan insanlar i\u00e7in diplomalar\u0131n\u0131n T\u00fcrkiye Cumhuriyeti taraf\u0131ndan tan\u0131nmas\u0131n\u0131 sa\u011flayacak Denklik belgesi \u00f6nem ta\u015f\u0131maktad\u0131r.<\/p>\n","protected":false},"excerpt":{"rendered":"<p>Bu hizmeti yurt d\u0131\u015f\u0131nda \u00fcniversite e\u011fitimini tamamlay\u0131p T\u00fcrkiye\u2019de resmi kanunlara g\u00f6re \u00e7al\u0131\u015fmak veya e\u011fitim hayat\u0131na devam etmek isteyen ki\u015filer talep etmektedir. Bu hizmet uzun ve \u00e7e\u015fitli prosed\u00fcrleri olan bir s\u00fcre\u00e7 olmas\u0131ndan dolay\u0131 uzman bir ekipten yard\u0131m alman\u0131z\u0131 tavsiye ederiz. Bu i\u015flemleri yaparken dan\u0131\u015fmanlar\u0131m\u0131za daha kaliteli hizmet vermek ve i\u015flemleri h\u0131zland\u0131rmak i\u00e7in vekaletname al\u0131r\u0131z. Gerekli belgeleri [&hellip;]<\/p>\n","protected":false},"author":1,"featured_media":0,"parent":0,"menu_order":0,"comment_status":"closed","ping_status":"closed","template":"sayfa\/universite-denkligi.php","meta":[],"_links":{"self":[{"href":"https:\/\/unsuredu.com\/tr\/wp-json\/wp\/v2\/pages\/83"}],"collection":[{"href":"https:\/\/unsuredu.com\/tr\/wp-json\/wp\/v2\/pages"}],"about":[{"href":"https:\/\/unsuredu.com\/tr\/wp-json\/wp\/v2\/types\/page"}],"author":[{"embeddable":true,"href":"https:\/\/unsuredu.com\/tr\/wp-json\/wp\/v2\/users\/1"}],"replies":[{"embeddable":true,"href":"https:\/\/unsuredu.com\/tr\/wp-json\/wp\/v2\/comments?post=83"}],"version-history":[{"count":1,"href":"https:\/\/unsuredu.com\/tr\/wp-json\/wp\/v2\/pages\/83\/revisions"}],"predecessor-version":[{"id":84,"href":"https:\/\/unsuredu.com\/tr\/wp-json\/wp\/v2\/pages\/83\/revisions\/84"}],"wp:attachment":[{"href":"https:\/\/unsuredu.com\/tr\/wp-json\/wp\/v2\/media?parent=83"}],"curies":[{"name":"wp","href":"https:\/\/api.w.org\/{rel}","templated":true}]}}