{"id":81,"date":"2022-01-04T10:40:55","date_gmt":"2022-01-04T07:40:55","guid":{"rendered":"http:\/\/unsuredu.com\/tr\/?page_id=81"},"modified":"2022-01-04T10:40:55","modified_gmt":"2022-01-04T07:40:55","slug":"hukuk-danismanligi","status":"publish","type":"page","link":"https:\/\/unsuredu.com\/tr\/hukuk-danismanligi\/","title":{"rendered":"HUKUK DANI\u015eMANLI\u011eI"},"content":{"rendered":"<p>\u00d6zel  hukuk dan\u0131\u015fmanl\u0131k hizmeti  yabanc\u0131 \u00f6\u011frencilerimizin kar\u015f\u0131la\u015fmas\u0131 muhtemel ma\u011fduriyetleri erkenden tespit edip, \u00f6nlemler al\u0131r. \u00d6\u011frencilerimizin kar\u015f\u0131la\u015ft\u0131\u011f\u0131 her t\u00fcrl\u00fc hukuki s\u0131k\u0131nt\u0131da (deport, hak ihlalleri, okul, kira veya yurt s\u00f6zle\u015fmelerindeki ma\u011fduriyetler\u2026)  uzman, tecr\u00fcbeli ve yabanc\u0131lar hukukuna hakim bir avukat\u0131n sundu\u011fu hizmet \u00e7ok \u00f6nemlidir. <\/p>\n<p>Hukuki dan\u0131\u015fmanl\u0131k ki\u015filerin kar\u015f\u0131la\u015fmas\u0131 muhtemel ma\u011fduriyetleri \u00f6nler. Yabanc\u0131 dile hakim uzman avukatlar\u0131m\u0131z\u0131n hukuki dan\u0131\u015fmanl\u0131\u011f\u0131 ile \u00f6\u011frencilerimiz kendilerini g\u00fcvende hisseder. \u0130lk defa T\u00fcrkiye\u2019ye gelen ve yurt d\u0131\u015f\u0131 tecr\u00fcbesi olmayan \u00f6\u011frencilerimizin talep ve tercih etti\u011fi bir hizmetimizdir.<\/p>\n","protected":false},"excerpt":{"rendered":"<p>\u00d6zel hukuk dan\u0131\u015fmanl\u0131k hizmeti yabanc\u0131 \u00f6\u011frencilerimizin kar\u015f\u0131la\u015fmas\u0131 muhtemel ma\u011fduriyetleri erkenden tespit edip, \u00f6nlemler al\u0131r. \u00d6\u011frencilerimizin kar\u015f\u0131la\u015ft\u0131\u011f\u0131 her t\u00fcrl\u00fc hukuki s\u0131k\u0131nt\u0131da (deport, hak ihlalleri, okul, kira veya yurt s\u00f6zle\u015fmelerindeki ma\u011fduriyetler\u2026) uzman, tecr\u00fcbeli ve yabanc\u0131lar hukukuna hakim bir avukat\u0131n sundu\u011fu hizmet \u00e7ok \u00f6nemlidir. Hukuki dan\u0131\u015fmanl\u0131k ki\u015filerin kar\u015f\u0131la\u015fmas\u0131 muhtemel ma\u011fduriyetleri \u00f6nler. Yabanc\u0131 dile hakim uzman avukatlar\u0131m\u0131z\u0131n hukuki dan\u0131\u015fmanl\u0131\u011f\u0131 [&hellip;]<\/p>\n","protected":false},"author":1,"featured_media":0,"parent":0,"menu_order":0,"comment_status":"closed","ping_status":"closed","template":"sayfa\/hukuk-danismanligi.php","meta":[],"_links":{"self":[{"href":"https:\/\/unsuredu.com\/tr\/wp-json\/wp\/v2\/pages\/81"}],"collection":[{"href":"https:\/\/unsuredu.com\/tr\/wp-json\/wp\/v2\/pages"}],"about":[{"href":"https:\/\/unsuredu.com\/tr\/wp-json\/wp\/v2\/types\/page"}],"author":[{"embeddable":true,"href":"https:\/\/unsuredu.com\/tr\/wp-json\/wp\/v2\/users\/1"}],"replies":[{"embeddable":true,"href":"https:\/\/unsuredu.com\/tr\/wp-json\/wp\/v2\/comments?post=81"}],"version-history":[{"count":1,"href":"https:\/\/unsuredu.com\/tr\/wp-json\/wp\/v2\/pages\/81\/revisions"}],"predecessor-version":[{"id":82,"href":"https:\/\/unsuredu.com\/tr\/wp-json\/wp\/v2\/pages\/81\/revisions\/82"}],"wp:attachment":[{"href":"https:\/\/unsuredu.com\/tr\/wp-json\/wp\/v2\/media?parent=81"}],"curies":[{"name":"wp","href":"https:\/\/api.w.org\/{rel}","templated":true}]}}