{"id":79,"date":"2022-01-04T10:40:32","date_gmt":"2022-01-04T07:40:32","guid":{"rendered":"http:\/\/unsuredu.com\/tr\/?page_id=79"},"modified":"2022-01-04T10:40:32","modified_gmt":"2022-01-04T07:40:32","slug":"saglik-sigortasi","status":"publish","type":"page","link":"https:\/\/unsuredu.com\/tr\/saglik-sigortasi\/","title":{"rendered":"SA\u011eLIK S\u0130GORTASI"},"content":{"rendered":"<p>Uluslararas\u0131 \u00f6\u011frenciler ve ikamet ba\u015fvurusu yapmak isteyen yabanc\u0131lar, resmi ikamet s\u00fcreleri boyunca sa\u011fl\u0131k sigortas\u0131 yapt\u0131rmalar\u0131 gerekmektedir. <\/p>\n<p>Sa\u011fl\u0131k sigortas\u0131 kapsam\u0131n\u0131n s\u0131n\u0131rl\u0131 oldu\u011funu ve sadece sigorta \u015firketinin s\u00f6zle\u015fmeli oldu\u011fu hastanelerde ge\u00e7erli oldu\u011funu unutmamak gerekir. Bu durumlar\u0131 dikkate alarak hastane say\u0131s\u0131n\u0131n fazla oldu\u011fu ve en iyi \u00f6zellikleri sa\u011flayan sa\u011fl\u0131k sigortalar\u0131n\u0131, \u00f6\u011frencilerimiz i\u00e7in yapt\u0131r\u0131yoruz.<\/p>\n","protected":false},"excerpt":{"rendered":"<p>Uluslararas\u0131 \u00f6\u011frenciler ve ikamet ba\u015fvurusu yapmak isteyen yabanc\u0131lar, resmi ikamet s\u00fcreleri boyunca sa\u011fl\u0131k sigortas\u0131 yapt\u0131rmalar\u0131 gerekmektedir. Sa\u011fl\u0131k sigortas\u0131 kapsam\u0131n\u0131n s\u0131n\u0131rl\u0131 oldu\u011funu ve sadece sigorta \u015firketinin s\u00f6zle\u015fmeli oldu\u011fu hastanelerde ge\u00e7erli oldu\u011funu unutmamak gerekir. Bu durumlar\u0131 dikkate alarak hastane say\u0131s\u0131n\u0131n fazla oldu\u011fu ve en iyi \u00f6zellikleri sa\u011flayan sa\u011fl\u0131k sigortalar\u0131n\u0131, \u00f6\u011frencilerimiz i\u00e7in yapt\u0131r\u0131yoruz.<\/p>\n","protected":false},"author":1,"featured_media":0,"parent":0,"menu_order":0,"comment_status":"closed","ping_status":"closed","template":"sayfa\/saglik-sigortasi.php","meta":[],"_links":{"self":[{"href":"https:\/\/unsuredu.com\/tr\/wp-json\/wp\/v2\/pages\/79"}],"collection":[{"href":"https:\/\/unsuredu.com\/tr\/wp-json\/wp\/v2\/pages"}],"about":[{"href":"https:\/\/unsuredu.com\/tr\/wp-json\/wp\/v2\/types\/page"}],"author":[{"embeddable":true,"href":"https:\/\/unsuredu.com\/tr\/wp-json\/wp\/v2\/users\/1"}],"replies":[{"embeddable":true,"href":"https:\/\/unsuredu.com\/tr\/wp-json\/wp\/v2\/comments?post=79"}],"version-history":[{"count":1,"href":"https:\/\/unsuredu.com\/tr\/wp-json\/wp\/v2\/pages\/79\/revisions"}],"predecessor-version":[{"id":80,"href":"https:\/\/unsuredu.com\/tr\/wp-json\/wp\/v2\/pages\/79\/revisions\/80"}],"wp:attachment":[{"href":"https:\/\/unsuredu.com\/tr\/wp-json\/wp\/v2\/media?parent=79"}],"curies":[{"name":"wp","href":"https:\/\/api.w.org\/{rel}","templated":true}]}}