{"id":77,"date":"2022-01-04T10:40:03","date_gmt":"2022-01-04T07:40:03","guid":{"rendered":"http:\/\/unsuredu.com\/tr\/?page_id=77"},"modified":"2022-01-04T10:40:03","modified_gmt":"2022-01-04T07:40:03","slug":"ortaokul-ve-lise-denklik-belgesi","status":"publish","type":"page","link":"https:\/\/unsuredu.com\/tr\/ortaokul-ve-lise-denklik-belgesi\/","title":{"rendered":"ORTAOKUL VE L\u0130SE DENKL\u0130K BELGES\u0130"},"content":{"rendered":"<p>\u00d6\u011frencilerimizin i\u015flemler s\u0131ras\u0131nda zorland\u0131\u011f\u0131 konular\u0131n ba\u015f\u0131nda denklik mevzusu gelmektedir. \u00dcniversite\u2019ye kesin kay\u0131t yapt\u0131r\u0131l\u0131nca, \u00fcniversite \u00f6\u011frenciden belirli bir zaman i\u00e7erisinde lise denkli\u011fini getirmesini ister. \u00c7o\u011fu \u00fcniversite bu konuda \u00f6\u011frencilerden kay\u0131t s\u0131ras\u0131nda taahh\u00fctname ister. <\/p>\n<p>Derslere ba\u015flayan ve denklik s\u00fcrecinin kar\u0131\u015f\u0131kl\u0131\u011f\u0131 y\u00fcz\u00fcnden baz\u0131 \u00f6\u011frencilerimiz denklik belgesi i\u015flemlerini erteler veya unutur. <\/p>\n<p>Denklik belgesi en az \u00fcniversite\u2019ye kay\u0131t kadar \u00f6nemlidir. \u00c7\u00fcnk\u00fc \u00f6\u011frenci denklik belgelerini almad\u0131\u011f\u0131 takdirde e\u011fitim bakanl\u0131\u011f\u0131 \u00f6\u011frencinin lise veya ortaokul e\u011fitimini tan\u0131maz. \u00d6\u011frenci bu durumda \u00fcniversiteye ba\u015flam\u0131\u015f, hatta bitirmi\u015f olsa dahi e\u011fitimi ge\u00e7ersiz say\u0131l\u0131r. <\/p>\n<p>Denklik i\u015flemleriyle ilgilenen ekibimiz, \u00f6\u011frenci yerine belgeleri haz\u0131rlay\u0131p terc\u00fcme ve noter i\u015flemlerini tamamlar. Ve bakanl\u0131ktan randevu al\u0131rlar. <\/p>\n<p>Denklik i\u015flemlerinin \u00e7e\u015fitli prosed\u00fcrleri oldu\u011fu i\u00e7in randevu zaman\u0131nda \u00f6\u011frenciyi yaln\u0131z b\u0131rakmay\u0131p, \u00f6\u011frenciyle randevuya gelir ve t\u00fcm i\u015flemlerin kolayca yap\u0131lmas\u0131n\u0131 sa\u011flar.<\/p>\n","protected":false},"excerpt":{"rendered":"<p>\u00d6\u011frencilerimizin i\u015flemler s\u0131ras\u0131nda zorland\u0131\u011f\u0131 konular\u0131n ba\u015f\u0131nda denklik mevzusu gelmektedir. \u00dcniversite\u2019ye kesin kay\u0131t yapt\u0131r\u0131l\u0131nca, \u00fcniversite \u00f6\u011frenciden belirli bir zaman i\u00e7erisinde lise denkli\u011fini getirmesini ister. \u00c7o\u011fu \u00fcniversite bu konuda \u00f6\u011frencilerden kay\u0131t s\u0131ras\u0131nda taahh\u00fctname ister. Derslere ba\u015flayan ve denklik s\u00fcrecinin kar\u0131\u015f\u0131kl\u0131\u011f\u0131 y\u00fcz\u00fcnden baz\u0131 \u00f6\u011frencilerimiz denklik belgesi i\u015flemlerini erteler veya unutur. Denklik belgesi en az \u00fcniversite\u2019ye kay\u0131t kadar \u00f6nemlidir. [&hellip;]<\/p>\n","protected":false},"author":1,"featured_media":0,"parent":0,"menu_order":0,"comment_status":"closed","ping_status":"closed","template":"sayfa\/ortaokul-ve-lise-denklik-belgesi.php","meta":[],"_links":{"self":[{"href":"https:\/\/unsuredu.com\/tr\/wp-json\/wp\/v2\/pages\/77"}],"collection":[{"href":"https:\/\/unsuredu.com\/tr\/wp-json\/wp\/v2\/pages"}],"about":[{"href":"https:\/\/unsuredu.com\/tr\/wp-json\/wp\/v2\/types\/page"}],"author":[{"embeddable":true,"href":"https:\/\/unsuredu.com\/tr\/wp-json\/wp\/v2\/users\/1"}],"replies":[{"embeddable":true,"href":"https:\/\/unsuredu.com\/tr\/wp-json\/wp\/v2\/comments?post=77"}],"version-history":[{"count":1,"href":"https:\/\/unsuredu.com\/tr\/wp-json\/wp\/v2\/pages\/77\/revisions"}],"predecessor-version":[{"id":78,"href":"https:\/\/unsuredu.com\/tr\/wp-json\/wp\/v2\/pages\/77\/revisions\/78"}],"wp:attachment":[{"href":"https:\/\/unsuredu.com\/tr\/wp-json\/wp\/v2\/media?parent=77"}],"curies":[{"name":"wp","href":"https:\/\/api.w.org\/{rel}","templated":true}]}}