{"id":75,"date":"2022-01-04T10:39:33","date_gmt":"2022-01-04T07:39:33","guid":{"rendered":"http:\/\/unsuredu.com\/tr\/?page_id=75"},"modified":"2022-01-04T10:39:33","modified_gmt":"2022-01-04T07:39:33","slug":"oturma-ve-ikamet-izinleri","status":"publish","type":"page","link":"https:\/\/unsuredu.com\/tr\/oturma-ve-ikamet-izinleri\/","title":{"rendered":"OTURMA VE \u0130KAMET \u0130Z\u0130NLER\u0130"},"content":{"rendered":"<p>U\u00d6\u011frencilerimizin ve isteklerine g\u00f6re ailelerin ikamet i\u015flemlerini yasal yollarla k\u0131sa s\u00fcrede tamamlay\u0131p \u00f6\u011frencilerimize gereksiz maddi harcamalardan ve belgelerle u\u011fra\u015fmadan \u00fclkemiz s\u0131n\u0131rlar\u0131 i\u00e7erisinde rahatl\u0131kla ve yasal olarak ya\u015famas\u0131n\u0131 sa\u011fl\u0131yoruz.<\/p>\n<p>Ekibimiz, terc\u00fcme i\u015flemlerinden randevu onaylar\u0131na kadar \u00f6\u011frencilerimiz yerine s\u00fcreci takip eder. \u0130kame izninde istenilen evraklar T\u00fcrkiye\u2019de kalma s\u00fcresine ve ba\u015fvuru an\u0131ndaki duruma  g\u00f6re de\u011fi\u015fiklik g\u00f6sterebilir.<\/p>\n<p><b>Oturma\/\u0130kamet \u0130zin T\u00fcrleri<\/b><\/p>\n<p>&#8211; K\u0131sa D\u00f6nem (Turistlik) \u0130kamet \u0130zni<br \/>\n                                &#8211; Uzun D\u00f6nem \u0130kamet \u0130zni<br \/>\n                                &#8211; Aile \u0130kamet \u0130zni<br \/>\n                                &#8211; \u00d6\u011frenci \u0130kamet \u0130zni\n                            <\/p>\n","protected":false},"excerpt":{"rendered":"<p>U\u00d6\u011frencilerimizin ve isteklerine g\u00f6re ailelerin ikamet i\u015flemlerini yasal yollarla k\u0131sa s\u00fcrede tamamlay\u0131p \u00f6\u011frencilerimize gereksiz maddi harcamalardan ve belgelerle u\u011fra\u015fmadan \u00fclkemiz s\u0131n\u0131rlar\u0131 i\u00e7erisinde rahatl\u0131kla ve yasal olarak ya\u015famas\u0131n\u0131 sa\u011fl\u0131yoruz. Ekibimiz, terc\u00fcme i\u015flemlerinden randevu onaylar\u0131na kadar \u00f6\u011frencilerimiz yerine s\u00fcreci takip eder. \u0130kame izninde istenilen evraklar T\u00fcrkiye\u2019de kalma s\u00fcresine ve ba\u015fvuru an\u0131ndaki duruma g\u00f6re de\u011fi\u015fiklik g\u00f6sterebilir. Oturma\/\u0130kamet \u0130zin [&hellip;]<\/p>\n","protected":false},"author":1,"featured_media":0,"parent":0,"menu_order":0,"comment_status":"closed","ping_status":"closed","template":"sayfa\/oturma-ve-ikamet-izinleri.php","meta":[],"_links":{"self":[{"href":"https:\/\/unsuredu.com\/tr\/wp-json\/wp\/v2\/pages\/75"}],"collection":[{"href":"https:\/\/unsuredu.com\/tr\/wp-json\/wp\/v2\/pages"}],"about":[{"href":"https:\/\/unsuredu.com\/tr\/wp-json\/wp\/v2\/types\/page"}],"author":[{"embeddable":true,"href":"https:\/\/unsuredu.com\/tr\/wp-json\/wp\/v2\/users\/1"}],"replies":[{"embeddable":true,"href":"https:\/\/unsuredu.com\/tr\/wp-json\/wp\/v2\/comments?post=75"}],"version-history":[{"count":1,"href":"https:\/\/unsuredu.com\/tr\/wp-json\/wp\/v2\/pages\/75\/revisions"}],"predecessor-version":[{"id":76,"href":"https:\/\/unsuredu.com\/tr\/wp-json\/wp\/v2\/pages\/75\/revisions\/76"}],"wp:attachment":[{"href":"https:\/\/unsuredu.com\/tr\/wp-json\/wp\/v2\/media?parent=75"}],"curies":[{"name":"wp","href":"https:\/\/api.w.org\/{rel}","templated":true}]}}