{"id":73,"date":"2022-01-04T10:39:06","date_gmt":"2022-01-04T07:39:06","guid":{"rendered":"http:\/\/unsuredu.com\/tr\/?page_id=73"},"modified":"2022-01-04T10:39:06","modified_gmt":"2022-01-04T07:39:06","slug":"konaklama-hizmeti","status":"publish","type":"page","link":"https:\/\/unsuredu.com\/tr\/konaklama-hizmeti\/","title":{"rendered":"KONAKLAMA H\u0130ZMET\u0130"},"content":{"rendered":"<p>\u00dcniversite kayd\u0131ndan sonra \u00f6\u011frenciler ve aileler i\u00e7in \u00f6nemli olan konular\u0131n ba\u015f\u0131nda konaklama meselesi gelir. \u00d6\u011frencinin yabanc\u0131 oldu\u011fu bir \u00fclkede, uygun olmayan semtlerde ikamet etmesi, fahi\u015f fiyatlarda yurt se\u00e7enekleri, \u2026 bir\u00e7ok olumsuzluklara yol a\u00e7abilir.<\/p>\n<p>Bu olumsuzluklar\u0131n \u00f6n\u00fcne ge\u00e7mek ad\u0131na konaklama ve ikametgah i\u015flemlerinden sorumlu ekibimiz taraf\u0131ndan \u00f6\u011frenci, talebi do\u011frultusunda \u00f6nceden belirledi\u011fimiz yurtlar veya evlere g\u00fcvenli bir \u015fekilde yerle\u015ftirilir.<\/p>\n<p>Ekibimiz, \u00f6\u011frenciye ve ailesine  yurtlar hakk\u0131nda bilgilendirmeler ve foto\u011fraflar payla\u015f\u0131r. Havaliman\u0131ndan kar\u015f\u0131lad\u0131\u011f\u0131m\u0131z \u00f6\u011frencimizle beraber \u00f6\u011frenci yurdu gezilir ve \u00e7\u0131kabilecek olas\u0131 sorunlar kar\u015f\u0131s\u0131nda \u00f6\u011frencinin yan\u0131nda olunur.<\/p>\n","protected":false},"excerpt":{"rendered":"<p>\u00dcniversite kayd\u0131ndan sonra \u00f6\u011frenciler ve aileler i\u00e7in \u00f6nemli olan konular\u0131n ba\u015f\u0131nda konaklama meselesi gelir. \u00d6\u011frencinin yabanc\u0131 oldu\u011fu bir \u00fclkede, uygun olmayan semtlerde ikamet etmesi, fahi\u015f fiyatlarda yurt se\u00e7enekleri, \u2026 bir\u00e7ok olumsuzluklara yol a\u00e7abilir. Bu olumsuzluklar\u0131n \u00f6n\u00fcne ge\u00e7mek ad\u0131na konaklama ve ikametgah i\u015flemlerinden sorumlu ekibimiz taraf\u0131ndan \u00f6\u011frenci, talebi do\u011frultusunda \u00f6nceden belirledi\u011fimiz yurtlar veya evlere g\u00fcvenli bir [&hellip;]<\/p>\n","protected":false},"author":1,"featured_media":0,"parent":0,"menu_order":0,"comment_status":"closed","ping_status":"closed","template":"sayfa\/konaklama-hizmeti.php","meta":[],"_links":{"self":[{"href":"https:\/\/unsuredu.com\/tr\/wp-json\/wp\/v2\/pages\/73"}],"collection":[{"href":"https:\/\/unsuredu.com\/tr\/wp-json\/wp\/v2\/pages"}],"about":[{"href":"https:\/\/unsuredu.com\/tr\/wp-json\/wp\/v2\/types\/page"}],"author":[{"embeddable":true,"href":"https:\/\/unsuredu.com\/tr\/wp-json\/wp\/v2\/users\/1"}],"replies":[{"embeddable":true,"href":"https:\/\/unsuredu.com\/tr\/wp-json\/wp\/v2\/comments?post=73"}],"version-history":[{"count":1,"href":"https:\/\/unsuredu.com\/tr\/wp-json\/wp\/v2\/pages\/73\/revisions"}],"predecessor-version":[{"id":74,"href":"https:\/\/unsuredu.com\/tr\/wp-json\/wp\/v2\/pages\/73\/revisions\/74"}],"wp:attachment":[{"href":"https:\/\/unsuredu.com\/tr\/wp-json\/wp\/v2\/media?parent=73"}],"curies":[{"name":"wp","href":"https:\/\/api.w.org\/{rel}","templated":true}]}}