{"id":71,"date":"2022-01-04T10:38:44","date_gmt":"2022-01-04T07:38:44","guid":{"rendered":"http:\/\/unsuredu.com\/tr\/?page_id=71"},"modified":"2022-01-04T10:38:44","modified_gmt":"2022-01-04T07:38:44","slug":"ulasim-ve-karsilama","status":"publish","type":"page","link":"https:\/\/unsuredu.com\/tr\/ulasim-ve-karsilama\/","title":{"rendered":"ULA\u015eIM VE KAR\u015eILAMA"},"content":{"rendered":"<p>Uluslararas\u0131 \u00f6\u011frencilerin ya\u015fad\u0131\u011f\u0131 b\u00fcy\u00fck sorunlardan bir tanesi, bilmedi\u011fi bir \u00fclkede ya\u015fayaca\u011f\u0131 adaptasyon sorunudur. Bu sorun \u00fclkeye ilk giri\u015fle birlikte ba\u015flar ve ula\u015f\u0131m dahil en ufak g\u00fcnl\u00fck i\u015flerin \u00f6\u011frenci i\u00e7in b\u00fcy\u00fck sorunlar olu\u015fturmas\u0131na neden olur.<\/p>\n<p>\u00d6\u011frencinin \u00fclkeye geldi\u011finde ya\u015fayaca\u011f\u0131 adaptasyon sorununu minimum d\u00fczeye indirmek i\u00e7in g\u00f6revlendirdi\u011fimiz ekibimiz havaliman\u0131nda \u00f6\u011frencinin kar\u015f\u0131lanmas\u0131 ve akabinde kalaca\u011f\u0131 yere ula\u015f\u0131m\u0131n\u0131n sa\u011flanmas\u0131 konusunda \u00f6\u011frenciye yard\u0131mc\u0131 olur. \u00d6\u011frenciye telefon ve ula\u015f\u0131m kartlar\u0131 verilir. \u00d6\u011frencinin talepleri do\u011frultusunda \u00f6zel gezi imkanlar\u0131 da sa\u011flanmaktad\u0131r.<\/p>\n","protected":false},"excerpt":{"rendered":"<p>Uluslararas\u0131 \u00f6\u011frencilerin ya\u015fad\u0131\u011f\u0131 b\u00fcy\u00fck sorunlardan bir tanesi, bilmedi\u011fi bir \u00fclkede ya\u015fayaca\u011f\u0131 adaptasyon sorunudur. Bu sorun \u00fclkeye ilk giri\u015fle birlikte ba\u015flar ve ula\u015f\u0131m dahil en ufak g\u00fcnl\u00fck i\u015flerin \u00f6\u011frenci i\u00e7in b\u00fcy\u00fck sorunlar olu\u015fturmas\u0131na neden olur. \u00d6\u011frencinin \u00fclkeye geldi\u011finde ya\u015fayaca\u011f\u0131 adaptasyon sorununu minimum d\u00fczeye indirmek i\u00e7in g\u00f6revlendirdi\u011fimiz ekibimiz havaliman\u0131nda \u00f6\u011frencinin kar\u015f\u0131lanmas\u0131 ve akabinde kalaca\u011f\u0131 yere ula\u015f\u0131m\u0131n\u0131n sa\u011flanmas\u0131 [&hellip;]<\/p>\n","protected":false},"author":1,"featured_media":0,"parent":0,"menu_order":0,"comment_status":"closed","ping_status":"closed","template":"sayfa\/ulasim-ve-karsilama.php","meta":[],"_links":{"self":[{"href":"https:\/\/unsuredu.com\/tr\/wp-json\/wp\/v2\/pages\/71"}],"collection":[{"href":"https:\/\/unsuredu.com\/tr\/wp-json\/wp\/v2\/pages"}],"about":[{"href":"https:\/\/unsuredu.com\/tr\/wp-json\/wp\/v2\/types\/page"}],"author":[{"embeddable":true,"href":"https:\/\/unsuredu.com\/tr\/wp-json\/wp\/v2\/users\/1"}],"replies":[{"embeddable":true,"href":"https:\/\/unsuredu.com\/tr\/wp-json\/wp\/v2\/comments?post=71"}],"version-history":[{"count":1,"href":"https:\/\/unsuredu.com\/tr\/wp-json\/wp\/v2\/pages\/71\/revisions"}],"predecessor-version":[{"id":72,"href":"https:\/\/unsuredu.com\/tr\/wp-json\/wp\/v2\/pages\/71\/revisions\/72"}],"wp:attachment":[{"href":"https:\/\/unsuredu.com\/tr\/wp-json\/wp\/v2\/media?parent=71"}],"curies":[{"name":"wp","href":"https:\/\/api.w.org\/{rel}","templated":true}]}}