{"id":69,"date":"2022-01-04T10:38:16","date_gmt":"2022-01-04T07:38:16","guid":{"rendered":"http:\/\/unsuredu.com\/tr\/?page_id=69"},"modified":"2022-01-04T10:38:16","modified_gmt":"2022-01-04T07:38:16","slug":"ozel-ogrenci-danismanligi","status":"publish","type":"page","link":"https:\/\/unsuredu.com\/tr\/ozel-ogrenci-danismanligi\/","title":{"rendered":"\u00d6ZEL \u00d6\u011eRENC\u0130 DANI\u015eMANLI\u011eI"},"content":{"rendered":"<p>T\u00fcrkiye\u2019nin \u00f6nde gelen \u00fcniversiteleri ve e\u011fitim kurumlar\u0131 ile \u00e7al\u0131\u015fan Unsur Education Agency, partner \u00fcniversiteleri yak\u0131ndan tan\u0131yan uzman ekibiyle hizmetinizdedir. Deneyimli ekibimiz,  \u00f6\u011frenci ile ailenin iste\u011fi ve olanaklar\u0131 dahilinde bilgilendirme sunarak, olu\u015fabilecek karga\u015fay\u0131 ve istenmeyen \u00fcz\u00fcc\u00fc hadiselerin ortaya \u00e7\u0131kmas\u0131n\u0131 engeller. Ekibimiz, isteklerinizi en do\u011fru kanallar\u0131 kullanarak yerine getirmeye \u00e7al\u0131\u015f\u0131r ve en iyi sonucu alman\u0131za yard\u0131m eder.<\/p>\n<p>Ekibimiz, tamamen ba\u011f\u0131ms\u0131z ve etik kurallar \u00e7er\u00e7evesinde hizmet sa\u011flar. Be\u015f farkl\u0131 dilde hizmet veren uzman ekibimiz, sizler ile diledi\u011finiz \u015fekilde y\u00fcz y\u00fcze veya Zoom, Skype, Whatsapp gibi mecralar \u00fczerinden ileti\u015fim kurabilirler. \u0130sterseniz ofislerimizi ziyaret edip ekibimizle detayl\u0131 ileti\u015fim de sa\u011flayabilirsiniz<\/p>\n<p><b>Dan\u0131\u015fmanlar\u0131m\u0131z ne yapar:<\/b><\/p>\n<p>\u00d6\u011frenci ve ailesi ile en rahat ileti\u015fim kanal\u0131n\u0131 kullanarak dan\u0131\u015fmanl\u0131k hizmeti verir. Kay\u0131t \u00f6ncesi ve sonras\u0131 \u00f6\u011frencilerin sorunlar\u0131n\u0131 ve genel durumunu analiz edip \u00e7\u00f6z\u00fcm \u00f6nerileri sunar. \u0130stek ve \u015fikayetlere zaman\u0131nda ve etkin bir \u015fekilde cevap verir. Bir\u00e7ok hizmeti sizin yerinize halleder. Bu sayede ekonomik ve zaman tasarrufu sa\u011flars\u0131n\u0131z.<\/p>\n<p>\u00d6\u011frencilerimizin \u00fcniversite ba\u015fvuru formlar\u0131n\u0131 en etkili, maksimum fayda sa\u011flayaca\u011f\u0131 \u015fekilde doldurmalar\u0131na yard\u0131m eder veya talep do\u011frultusunda \u00f6\u011frencinin yerine bu i\u015flemleri yerine getiririler.<\/p>\n<p>Finansal a\u00e7\u0131dan \u00f6\u011frenci ve ailesinin taleplerini dinleyip onun istedi\u011fi fiyat skalas\u0131na g\u00f6re burs verebilecek \u00fcniversitelerden olu\u015fturulmu\u015f ki\u015fiye \u00f6zel bir liste olu\u015fturur. Ofimize \u00f6zel indirimli fiyatlar\u0131 \u00f6\u011frenciye sunar.<\/p>\n<p>\u00d6\u011frencinin akademik durumuna ve ki\u015fisel yeteneklerine uygun \u00fcniversite tercihi \u00e7ok kritik bir konudur.<\/p>\n<p>\u00d6\u011frencimizin okul se\u00e7iminden \u00f6nce istedi\u011fi fak\u00fclte hakk\u0131nda bilgi verip, ki\u015fisel \u00f6zelliklerine en uygun b\u00f6l\u00fcme \u00f6\u011frenci y\u00f6nlendirilir.<\/p>\n<p>\u00d6zel \u00f6\u011frenci dan\u0131\u015fmanl\u0131\u011f\u0131 sene i\u00e7erisinde \u00e7e\u015fitli faaliyetler ger\u00e7ekle\u015ftirip \u00f6\u011frencinin adaptasyon s\u00fcrecini h\u0131zl\u0131 ve kaliteli ge\u00e7irmesine yard\u0131mc\u0131 olur. Sene i\u00e7erisinde \u00f6\u011frenci ile daima ileti\u015fim halindedir. \u00d6\u011frencimizin e\u011ftim, bar\u0131nma, ula\u015f\u0131m gibi konularda olu\u015fabilecek s\u0131k\u0131nt\u0131lara h\u0131zl\u0131 ve etkili \u00e7\u00f6z\u00fcmler \u00fcretir.<\/p>\n","protected":false},"excerpt":{"rendered":"<p>T\u00fcrkiye\u2019nin \u00f6nde gelen \u00fcniversiteleri ve e\u011fitim kurumlar\u0131 ile \u00e7al\u0131\u015fan Unsur Education Agency, partner \u00fcniversiteleri yak\u0131ndan tan\u0131yan uzman ekibiyle hizmetinizdedir. Deneyimli ekibimiz, \u00f6\u011frenci ile ailenin iste\u011fi ve olanaklar\u0131 dahilinde bilgilendirme sunarak, olu\u015fabilecek karga\u015fay\u0131 ve istenmeyen \u00fcz\u00fcc\u00fc hadiselerin ortaya \u00e7\u0131kmas\u0131n\u0131 engeller. Ekibimiz, isteklerinizi en do\u011fru kanallar\u0131 kullanarak yerine getirmeye \u00e7al\u0131\u015f\u0131r ve en iyi sonucu alman\u0131za yard\u0131m eder. [&hellip;]<\/p>\n","protected":false},"author":1,"featured_media":0,"parent":0,"menu_order":0,"comment_status":"closed","ping_status":"closed","template":"sayfa\/ozel-ogrenci-danismanligi.php","meta":[],"_links":{"self":[{"href":"https:\/\/unsuredu.com\/tr\/wp-json\/wp\/v2\/pages\/69"}],"collection":[{"href":"https:\/\/unsuredu.com\/tr\/wp-json\/wp\/v2\/pages"}],"about":[{"href":"https:\/\/unsuredu.com\/tr\/wp-json\/wp\/v2\/types\/page"}],"author":[{"embeddable":true,"href":"https:\/\/unsuredu.com\/tr\/wp-json\/wp\/v2\/users\/1"}],"replies":[{"embeddable":true,"href":"https:\/\/unsuredu.com\/tr\/wp-json\/wp\/v2\/comments?post=69"}],"version-history":[{"count":1,"href":"https:\/\/unsuredu.com\/tr\/wp-json\/wp\/v2\/pages\/69\/revisions"}],"predecessor-version":[{"id":70,"href":"https:\/\/unsuredu.com\/tr\/wp-json\/wp\/v2\/pages\/69\/revisions\/70"}],"wp:attachment":[{"href":"https:\/\/unsuredu.com\/tr\/wp-json\/wp\/v2\/media?parent=69"}],"curies":[{"name":"wp","href":"https:\/\/api.w.org\/{rel}","templated":true}]}}