{"id":67,"date":"2022-01-04T10:37:48","date_gmt":"2022-01-04T07:37:48","guid":{"rendered":"http:\/\/unsuredu.com\/tr\/?page_id=67"},"modified":"2022-01-04T10:37:48","modified_gmt":"2022-01-04T07:37:48","slug":"ucretsiz-basvuru-ve-kayit","status":"publish","type":"page","link":"https:\/\/unsuredu.com\/tr\/ucretsiz-basvuru-ve-kayit\/","title":{"rendered":"\u00dcCRETS\u0130Z BA\u015eVURU VE KAYIT"},"content":{"rendered":"<p>Kay\u0131t a\u015famas\u0131n\u0131n ilk ad\u0131m\u0131 \u00fcniversite\u2019ye ba\u015fvuru yap\u0131p, \u00f6n kabul mektubu almakt\u0131r. \u00d6\u011frenci gerekli olan belgeleri ekibimize g\u00f6nderdikten sonra istedi\u011fi \u00fcniversitelerden \u00f6\u011frenciye \u00f6zel indirimlerle beraber takribi be\u015f g\u00fcn i\u00e7erisinde \u00f6n kabul mektubu al\u0131r\u0131z. <\/p>\n<p>Kabul mektubu al\u0131nmas\u0131 ve kay\u0131t hizmetleri \u00f6\u011frencilerimiz i\u00e7in \u00fccretsiz yap\u0131lmaktad\u0131r. \u00d6n kabul ve kay\u0131t a\u015famalar\u0131n\u0131n ekibimiz taraf\u0131ndan yap\u0131lmas\u0131 \u00f6\u011frenci ve aile i\u00e7in bu s\u00fcrecin sorunsuz tamamlanmas\u0131nda kolayl\u0131k sa\u011flar.<\/p>\n","protected":false},"excerpt":{"rendered":"<p>Kay\u0131t a\u015famas\u0131n\u0131n ilk ad\u0131m\u0131 \u00fcniversite\u2019ye ba\u015fvuru yap\u0131p, \u00f6n kabul mektubu almakt\u0131r. \u00d6\u011frenci gerekli olan belgeleri ekibimize g\u00f6nderdikten sonra istedi\u011fi \u00fcniversitelerden \u00f6\u011frenciye \u00f6zel indirimlerle beraber takribi be\u015f g\u00fcn i\u00e7erisinde \u00f6n kabul mektubu al\u0131r\u0131z. Kabul mektubu al\u0131nmas\u0131 ve kay\u0131t hizmetleri \u00f6\u011frencilerimiz i\u00e7in \u00fccretsiz yap\u0131lmaktad\u0131r. \u00d6n kabul ve kay\u0131t a\u015famalar\u0131n\u0131n ekibimiz taraf\u0131ndan yap\u0131lmas\u0131 \u00f6\u011frenci ve aile i\u00e7in bu [&hellip;]<\/p>\n","protected":false},"author":1,"featured_media":0,"parent":0,"menu_order":0,"comment_status":"closed","ping_status":"closed","template":"sayfa\/ucretsiz-basvuru-ve-kayit.php","meta":[],"_links":{"self":[{"href":"https:\/\/unsuredu.com\/tr\/wp-json\/wp\/v2\/pages\/67"}],"collection":[{"href":"https:\/\/unsuredu.com\/tr\/wp-json\/wp\/v2\/pages"}],"about":[{"href":"https:\/\/unsuredu.com\/tr\/wp-json\/wp\/v2\/types\/page"}],"author":[{"embeddable":true,"href":"https:\/\/unsuredu.com\/tr\/wp-json\/wp\/v2\/users\/1"}],"replies":[{"embeddable":true,"href":"https:\/\/unsuredu.com\/tr\/wp-json\/wp\/v2\/comments?post=67"}],"version-history":[{"count":1,"href":"https:\/\/unsuredu.com\/tr\/wp-json\/wp\/v2\/pages\/67\/revisions"}],"predecessor-version":[{"id":68,"href":"https:\/\/unsuredu.com\/tr\/wp-json\/wp\/v2\/pages\/67\/revisions\/68"}],"wp:attachment":[{"href":"https:\/\/unsuredu.com\/tr\/wp-json\/wp\/v2\/media?parent=67"}],"curies":[{"name":"wp","href":"https:\/\/api.w.org\/{rel}","templated":true}]}}