{"id":60,"date":"2022-01-04T10:35:54","date_gmt":"2022-01-04T07:35:54","guid":{"rendered":"http:\/\/unsuredu.com\/tr\/?page_id=60"},"modified":"2022-01-04T10:36:13","modified_gmt":"2022-01-04T07:36:13","slug":"sundugumuz-kurslar-ve-egitimler","status":"publish","type":"page","link":"https:\/\/unsuredu.com\/tr\/sundugumuz-kurslar-ve-egitimler\/","title":{"rendered":"SUNDU\u011eUMUZ KURSLAR VE E\u011e\u0130T\u0130MLER"},"content":{"rendered":"<p>UNSUR olarak kurs ve e\u011fitimlerimizi a\u015fa\u011f\u0131da g\u00f6rebilece\u011finiz gibi d\u00f6rt b\u00f6l\u00fcme ay\u0131rd\u0131k.<\/p>\n<p>Her b\u00f6l\u00fcm\u00fcn alt\u0131nda, her bir b\u00f6l\u00fcmle ilgili yetkinli\u011fimiz hakk\u0131nda fikir vermek i\u00e7in birka\u00e7 kurs isimlendirdik. Ancak, l\u00fctfen tekliflerimizin yaln\u0131zca bu kurslarla s\u0131n\u0131rl\u0131 olmad\u0131\u011f\u0131na dikkat edin. Kurslar\u0131m\u0131z\u0131n dili \u0130ngilizce, t\u00fcrk\u00e7e ve baz\u0131 b\u00f6l\u00fcmler i\u00e7in Arap\u00e7ad\u0131r.<\/p>\n<p>\n                                &#8211; TEKNOLOJ\u0130 VE G\u0130R\u0130\u015e\u0130MC\u0130L\u0130K B\u00d6L\u00dcM\u00dc<br \/>\n                                &#8211; F\u0130NANS B\u00d6L\u00dcM\u00dc   <br \/>\n                                &#8211; Y\u00d6NET\u0130M VE STRATEJ\u0130 B\u00d6L\u00dcM\u00dc <br \/>\n                                &#8211; PAZARLAMA B\u00d6L\u00dcM\u00dc <br \/> \n                            <\/p>\n<h3>TEKNOLOJ\u0130 VE G\u0130R\u0130\u015e\u0130MC\u0130L\u0130K B\u00d6L\u00dcM\u00dc DERSLER\u0130 VE E\u011e\u0130T\u0130MLER\u0130<\/h3>\n<p>\n                                &#8211; MAK\u0130NE \u00d6\u011eREN\u0130M\u0130: TEMEL B\u0130LG\u0130LER VE B\u0130LG\u0130SAYAR UYGULAMALARI<br \/>\n                                &#8211; \u0130\u015e ANAL\u0130T\u0130\u011e\u0130: \u00d6\u011eREN\u0130LEN KARARLAR VERME  <br \/>\n                                &#8211; \u0130\u015e \u0130STAT\u0130ST\u0130KLER\u0130 VE VER\u0130 ANAL\u0130Z\u0130 <br \/>\n                                &#8211; \u0130\u015eYER\u0130NDE D\u0130J\u0130TAL OKURYAZARLIK D\u00dcZEY\u0130N\u0130 ARTIRMAK <br \/> <br \/>\n                                &#8211; ORGAN\u0130ZASYONLARDA YEN\u0130L\u0130K VE G\u0130R\u0130\u015e\u0130MC\u0130L\u0130K K\u00dcLT\u00dcR\u00dcN\u00dc ARTIRMAK\n                            <\/p>\n<h3>F\u0130NANS B\u00d6L\u00dcM\u00dc KURSLAR VE E\u011e\u0130T\u0130MLER<\/h3>\n<p>\n                                &#8211; F\u0130NANS DI\u015eI Y\u00d6NET\u0130C\u0130LER \u0130\u00c7\u0130N F\u0130NANS VE MUHASEBE<br \/>\n                                &#8211; KURUMSAL F\u0130NANSMANIN TEMELLER\u0130N\u0130 ANLAMAK   <br \/>\n                                &#8211; F\u0130NANSAL TABLOLAR ANAL\u0130Z\u0130  <br \/>\n                                &#8211; PROJELER\u0130N F\u0130NANSAL DE\u011eERLEND\u0130RMES\u0130 VE R\u0130SK Y\u00d6NET\u0130M\u0130 <br \/>\n                                &#8211; F\u0130NANSAL MATEMAT\u0130K VE HESAPLAMALAR<br \/>\n                                &#8211; F\u0130NANSAL PLANLAMA VE ANAL\u0130Z\n                            <\/p>\n<h3>Y\u00d6NET\u0130M VE STRATEJ\u0130 B\u00d6L\u00dcM\u00dc KURSLAR VE E\u011e\u0130T\u0130MLER<\/h3>\n<p>\n                                &#8211; GEL\u0130\u015eMEKTE OLAN PAZARLARDA F\u0130RMALARA \u00d6ZG\u00dc YATIRIM R\u0130SKLER\u0130N\u0130 Y\u00d6NETMEK<br \/>\n                                &#8211; Y\u00d6NET\u0130C\u0130LER \u0130\u00c7\u0130N ULUSLARARASI S\u0130YASET VE EKONOM\u0130<br \/>\n                                &#8211; ULUSLARARASI TAKIMLARI Y\u00d6NETME <br \/>\n                                &#8211; SOSYAL SERMAYEN\u0130N \u00d6NEM\u0130 VE \u0130\u015eYER\u0130NDE GEL\u0130\u015eT\u0130R\u0130LMES\u0130<br \/>\n                                &#8211; \u0130\u015eLETME VE KURUMSAL STRATEJ\u0130<br \/>\n                                &#8211; Y\u00d6NET\u0130M EKONOM\u0130S\u0130 VE STRATEJ\u0130K Y\u00d6NET\u0130M<br \/> <br \/>\n                                &#8211; VAKA \u00c7ALI\u015eMALARI \u0130LE OPERASYON STRATEJ\u0130S\u0130<br \/> <br \/>\n                                &#8211; ORGAN\u0130ZASYONUNUZDA B\u0130R YEN\u0130L\u0130K K\u00dcLT\u00dcR\u00dc UYGULAMAK<br \/> \n                            <\/p>\n<h3>PAZARLAMA B\u00d6L\u00dcM\u00dc KURSLARI VE E\u011e\u0130T\u0130MLER\u0130<\/h3>\n<p>\n                                &#8211; SOSYAL MEDYA PAZARLAMASI<br \/>\n                                &#8211; VER\u0130 TABANLI PAZARLAMA   <br \/>\n                                &#8211; PAZARLAMA TRENDLER\u0130  <br \/>\n                                &#8211; D\u0130J\u0130TAL D\u00d6N\u00dc\u015e\u00dcM VE PAZARLAMA D\u00d6N\u00dc\u015e\u00dcM\u00dc <br \/> <br \/>\n                                &#8211; MARKA L\u0130DERL\u0130\u011e\u0130\n                            <\/p>\n","protected":false},"excerpt":{"rendered":"<p>UNSUR olarak kurs ve e\u011fitimlerimizi a\u015fa\u011f\u0131da g\u00f6rebilece\u011finiz gibi d\u00f6rt b\u00f6l\u00fcme ay\u0131rd\u0131k. Her b\u00f6l\u00fcm\u00fcn alt\u0131nda, her bir b\u00f6l\u00fcmle ilgili yetkinli\u011fimiz hakk\u0131nda fikir vermek i\u00e7in birka\u00e7 kurs isimlendirdik. Ancak, l\u00fctfen tekliflerimizin yaln\u0131zca bu kurslarla s\u0131n\u0131rl\u0131 olmad\u0131\u011f\u0131na dikkat edin. Kurslar\u0131m\u0131z\u0131n dili \u0130ngilizce, t\u00fcrk\u00e7e ve baz\u0131 b\u00f6l\u00fcmler i\u00e7in Arap\u00e7ad\u0131r. &#8211; TEKNOLOJ\u0130 VE G\u0130R\u0130\u015e\u0130MC\u0130L\u0130K B\u00d6L\u00dcM\u00dc &#8211; F\u0130NANS B\u00d6L\u00dcM\u00dc &#8211; Y\u00d6NET\u0130M [&hellip;]<\/p>\n","protected":false},"author":1,"featured_media":0,"parent":0,"menu_order":0,"comment_status":"closed","ping_status":"closed","template":"sayfa\/sundugumuz-kurslar-ve-egitimler.php","meta":[],"_links":{"self":[{"href":"https:\/\/unsuredu.com\/tr\/wp-json\/wp\/v2\/pages\/60"}],"collection":[{"href":"https:\/\/unsuredu.com\/tr\/wp-json\/wp\/v2\/pages"}],"about":[{"href":"https:\/\/unsuredu.com\/tr\/wp-json\/wp\/v2\/types\/page"}],"author":[{"embeddable":true,"href":"https:\/\/unsuredu.com\/tr\/wp-json\/wp\/v2\/users\/1"}],"replies":[{"embeddable":true,"href":"https:\/\/unsuredu.com\/tr\/wp-json\/wp\/v2\/comments?post=60"}],"version-history":[{"count":2,"href":"https:\/\/unsuredu.com\/tr\/wp-json\/wp\/v2\/pages\/60\/revisions"}],"predecessor-version":[{"id":62,"href":"https:\/\/unsuredu.com\/tr\/wp-json\/wp\/v2\/pages\/60\/revisions\/62"}],"wp:attachment":[{"href":"https:\/\/unsuredu.com\/tr\/wp-json\/wp\/v2\/media?parent=60"}],"curies":[{"name":"wp","href":"https:\/\/api.w.org\/{rel}","templated":true}]}}