{"id":57,"date":"2022-01-04T10:35:16","date_gmt":"2022-01-04T07:35:16","guid":{"rendered":"http:\/\/unsuredu.com\/tr\/?page_id=57"},"modified":"2022-01-04T10:35:16","modified_gmt":"2022-01-04T07:35:16","slug":"unsura-duyulan-ihtiyac","status":"publish","type":"page","link":"https:\/\/unsuredu.com\/tr\/unsura-duyulan-ihtiyac\/","title":{"rendered":"UNSURA DUYULAN \u0130HT\u0130YA\u00c7"},"content":{"rendered":"<p>\n                                &#8211; \u00dc\u00e7\u00fcnc\u00fc k\u00fcreselle\u015fme dalgas\u0131 ve yeni teknolojik geli\u015fmelerin etkisiyle i\u015f hayat\u0131 her zamankinden daha dinamik<br \/>\n                                &#8211; Bu de\u011fi\u015fen ortam, profesyonellerin kendilerini g\u00fcncellemelerini bir zorunluluk haline getirmekte   <br \/>\n                                &#8211; Unsur, iki \u00f6nerisi sayesinde her b\u00fcy\u00fckl\u00fck ve ya\u015ftaki firma i\u00e7in hayati bir \u00e7\u00f6z\u00fcm orta\u011f\u0131 haline geliyor :     <br \/>\n                                &#8211; Unsur, en \u00e7ok ihtiya\u00e7 duyulan alanlarda y\u00f6netici kurslar\u0131 tasarlayacak ve b\u00f6ylece en g\u00fcncel bilgileri profesyonellere aktaracakt\u0131r. <br \/>\n                                &#8211; Unsur , s\u0131n\u0131rl\u0131 s\u00fcreli kurslar\u0131, mini e\u011fitim paketlerini veya \u00f6zellikle firmalar\u0131n ihtiya\u00e7lar\u0131n\u0131 hedefleyen devam eden programlar\u0131 uyarlamak i\u00e7in firmalarla birlikte \u00e7al\u0131\u015facakt\u0131r. <br \/> \n                            <\/p>\n","protected":false},"excerpt":{"rendered":"<p>&#8211; \u00dc\u00e7\u00fcnc\u00fc k\u00fcreselle\u015fme dalgas\u0131 ve yeni teknolojik geli\u015fmelerin etkisiyle i\u015f hayat\u0131 her zamankinden daha dinamik &#8211; Bu de\u011fi\u015fen ortam, profesyonellerin kendilerini g\u00fcncellemelerini bir zorunluluk haline getirmekte &#8211; Unsur, iki \u00f6nerisi sayesinde her b\u00fcy\u00fckl\u00fck ve ya\u015ftaki firma i\u00e7in hayati bir \u00e7\u00f6z\u00fcm orta\u011f\u0131 haline geliyor : &#8211; Unsur, en \u00e7ok ihtiya\u00e7 duyulan alanlarda y\u00f6netici kurslar\u0131 tasarlayacak ve [&hellip;]<\/p>\n","protected":false},"author":1,"featured_media":0,"parent":0,"menu_order":0,"comment_status":"closed","ping_status":"closed","template":"sayfa\/unsura-duyulan-ihtiyac.php","meta":[],"_links":{"self":[{"href":"https:\/\/unsuredu.com\/tr\/wp-json\/wp\/v2\/pages\/57"}],"collection":[{"href":"https:\/\/unsuredu.com\/tr\/wp-json\/wp\/v2\/pages"}],"about":[{"href":"https:\/\/unsuredu.com\/tr\/wp-json\/wp\/v2\/types\/page"}],"author":[{"embeddable":true,"href":"https:\/\/unsuredu.com\/tr\/wp-json\/wp\/v2\/users\/1"}],"replies":[{"embeddable":true,"href":"https:\/\/unsuredu.com\/tr\/wp-json\/wp\/v2\/comments?post=57"}],"version-history":[{"count":2,"href":"https:\/\/unsuredu.com\/tr\/wp-json\/wp\/v2\/pages\/57\/revisions"}],"predecessor-version":[{"id":59,"href":"https:\/\/unsuredu.com\/tr\/wp-json\/wp\/v2\/pages\/57\/revisions\/59"}],"wp:attachment":[{"href":"https:\/\/unsuredu.com\/tr\/wp-json\/wp\/v2\/media?parent=57"}],"curies":[{"name":"wp","href":"https:\/\/api.w.org\/{rel}","templated":true}]}}