{"id":55,"date":"2022-01-04T10:34:36","date_gmt":"2022-01-04T07:34:36","guid":{"rendered":"http:\/\/unsuredu.com\/tr\/?page_id=55"},"modified":"2022-01-04T10:34:36","modified_gmt":"2022-01-04T07:34:36","slug":"neden-unsur","status":"publish","type":"page","link":"https:\/\/unsuredu.com\/tr\/neden-unsur\/","title":{"rendered":"NEDEN UNSUR"},"content":{"rendered":"<p>Gen\u00e7 bir \u2018executive training\u2019 \u2013 yani profesyonel e\u011fitim \u2013 merkezi olarak UNSUR, kendisini esasen sadece bir e\u011fitim veya \u00f6\u011fretim merkezi olarak de\u011fil, bunun \u00f6tesinde firmalar ve profesyoneller i\u00e7in bir \u00e7\u00f6z\u00fcm orta\u011f\u0131 olarak konumland\u0131rmaya isteklidir.<\/p>\n<p>Bu nedenle UNSUR i\u00e7in se\u00e7ti\u011fimiz anahtar kelime esnekliktir.<\/p>\n<p>UNSUR\u2019un bu ESNEKL\u0130K merkezli e\u011fitim felsefesi, kendisini \u00fc\u00e7 farkl\u0131 ve tamamlay\u0131c\u0131 \u015fekilde yans\u0131tmaktad\u0131r:<\/p>\n<p>\n                                &#8211; <b>Kurs \/ paket \/ program tasar\u0131mlar\u0131m\u0131zda esne\u011fiz:<\/b> bu, sizi dinledi\u011fimiz anlam\u0131na gelir. \u0130htiya\u00e7lar\u0131n\u0131z\u0131 anl\u0131yoruz. Sonunda size en uygun e\u011fitim deneyimini \u00f6neriyoruz. Di\u011fer herhangi bir kurum gibi bizim de bir kurs ve program listemiz olmas\u0131na ra\u011fmen, UNSUR\u2019un sizinle de kurslar, paketler ve programlar tasarlamaya istekli oldu\u011funu asla unutmay\u0131n\u0131z.<br \/>\n                                &#8211; <b>Lokasyonlar\u0131m\u0131zda esne\u011fiz:<\/b> \u00c7al\u0131\u015f\u0131lan i\u015f saatini kaybetmek istemezsiniz. Hareket halindeyken zaman ve enerji kaybetmek istemezsiniz. Bunu anl\u0131yoruz. Sonu\u00e7 olarak, sizin i\u00e7in daha iyi sonu\u00e7 verirse yurti\u00e7i ya da yurtd\u0131\u015f\u0131 fark etmeksizin biz size geliyoruz. Ya da \u00e7al\u0131\u015fanlar\u0131n\u0131za \u0130stanbul\u2019da ya da farkl\u0131 bir destinasyonda de\u011fi\u015fik bir k\u00fclt\u00fcrel deneyim sa\u011flamak isteyebilirsiniz, sorun yok. Sizi \u0130stanbul\u2019da, merkez lokasyonumuzda veya se\u00e7ece\u011finiz herhangi bir \u00fclkede a\u011f\u0131rlamaktan mutluluk duyar\u0131z.   <br \/>\n                                &#8211; <b>Programlar\u0131m\u0131zda esne\u011fiz:<\/b> Be\u015f g\u00fcnl\u00fck \u00f6zel bir e\u011fitim istiyorsunuz ve Pazartesiden Cumaya kadar teslim edilmesini istiyorsunuz. Bu bizim i\u00e7in sorun de\u011fil. Ya da bu be\u015f g\u00fcn\u00fc iki bu\u00e7uk hafta sonuna b\u00f6lmek daha iyi olur derseniz, bu da bizim i\u00e7in sorun de\u011fil. Sizin de anlam\u0131\u015f olaca\u011f\u0131n\u0131z \u00fczere UNSUR istedi\u011finiz zaman, istedi\u011finiz yerde ve istedi\u011finiz \u015fekilde yan\u0131n\u0131zdad\u0131r. <\/p>\n","protected":false},"excerpt":{"rendered":"<p>Gen\u00e7 bir \u2018executive training\u2019 \u2013 yani profesyonel e\u011fitim \u2013 merkezi olarak UNSUR, kendisini esasen sadece bir e\u011fitim veya \u00f6\u011fretim merkezi olarak de\u011fil, bunun \u00f6tesinde firmalar ve profesyoneller i\u00e7in bir \u00e7\u00f6z\u00fcm orta\u011f\u0131 olarak konumland\u0131rmaya isteklidir. Bu nedenle UNSUR i\u00e7in se\u00e7ti\u011fimiz anahtar kelime esnekliktir. UNSUR\u2019un bu ESNEKL\u0130K merkezli e\u011fitim felsefesi, kendisini \u00fc\u00e7 farkl\u0131 ve tamamlay\u0131c\u0131 \u015fekilde yans\u0131tmaktad\u0131r: [&hellip;]<\/p>\n","protected":false},"author":1,"featured_media":0,"parent":0,"menu_order":0,"comment_status":"closed","ping_status":"closed","template":"sayfa\/neden-unsur.php","meta":[],"_links":{"self":[{"href":"https:\/\/unsuredu.com\/tr\/wp-json\/wp\/v2\/pages\/55"}],"collection":[{"href":"https:\/\/unsuredu.com\/tr\/wp-json\/wp\/v2\/pages"}],"about":[{"href":"https:\/\/unsuredu.com\/tr\/wp-json\/wp\/v2\/types\/page"}],"author":[{"embeddable":true,"href":"https:\/\/unsuredu.com\/tr\/wp-json\/wp\/v2\/users\/1"}],"replies":[{"embeddable":true,"href":"https:\/\/unsuredu.com\/tr\/wp-json\/wp\/v2\/comments?post=55"}],"version-history":[{"count":1,"href":"https:\/\/unsuredu.com\/tr\/wp-json\/wp\/v2\/pages\/55\/revisions"}],"predecessor-version":[{"id":56,"href":"https:\/\/unsuredu.com\/tr\/wp-json\/wp\/v2\/pages\/55\/revisions\/56"}],"wp:attachment":[{"href":"https:\/\/unsuredu.com\/tr\/wp-json\/wp\/v2\/media?parent=55"}],"curies":[{"name":"wp","href":"https:\/\/api.w.org\/{rel}","templated":true}]}}