{"id":51,"date":"2022-01-04T10:33:10","date_gmt":"2022-01-04T07:33:10","guid":{"rendered":"http:\/\/unsuredu.com\/tr\/?page_id=51"},"modified":"2022-01-04T10:33:10","modified_gmt":"2022-01-04T07:33:10","slug":"degerlerimiz","status":"publish","type":"page","link":"https:\/\/unsuredu.com\/tr\/degerlerimiz\/","title":{"rendered":"DE\u011eERLER\u0130M\u0130Z"},"content":{"rendered":"","protected":false},"excerpt":{"rendered":"","protected":false},"author":1,"featured_media":0,"parent":0,"menu_order":0,"comment_status":"closed","ping_status":"closed","template":"sayfa\/degerlerimiz.php","meta":[],"_links":{"self":[{"href":"https:\/\/unsuredu.com\/tr\/wp-json\/wp\/v2\/pages\/51"}],"collection":[{"href":"https:\/\/unsuredu.com\/tr\/wp-json\/wp\/v2\/pages"}],"about":[{"href":"https:\/\/unsuredu.com\/tr\/wp-json\/wp\/v2\/types\/page"}],"author":[{"embeddable":true,"href":"https:\/\/unsuredu.com\/tr\/wp-json\/wp\/v2\/users\/1"}],"replies":[{"embeddable":true,"href":"https:\/\/unsuredu.com\/tr\/wp-json\/wp\/v2\/comments?post=51"}],"version-history":[{"count":1,"href":"https:\/\/unsuredu.com\/tr\/wp-json\/wp\/v2\/pages\/51\/revisions"}],"predecessor-version":[{"id":52,"href":"https:\/\/unsuredu.com\/tr\/wp-json\/wp\/v2\/pages\/51\/revisions\/52"}],"wp:attachment":[{"href":"https:\/\/unsuredu.com\/tr\/wp-json\/wp\/v2\/media?parent=51"}],"curies":[{"name":"wp","href":"https:\/\/api.w.org\/{rel}","templated":true}]}}