{"id":49,"date":"2022-01-04T10:33:00","date_gmt":"2022-01-04T07:33:00","guid":{"rendered":"http:\/\/unsuredu.com\/tr\/?page_id=49"},"modified":"2022-01-04T10:33:00","modified_gmt":"2022-01-04T07:33:00","slug":"biz-kimiz","status":"publish","type":"page","link":"https:\/\/unsuredu.com\/tr\/biz-kimiz\/","title":{"rendered":"B\u0130Z K\u0130M\u0130Z"},"content":{"rendered":"<p>Unsur Education Agency, milli ve k\u00fclt\u00fcrel de\u011ferlerden \u00f6d\u00fcn vermeden, k\u00fcreselle\u015fen d\u00fcnyan\u0131n e\u011fitim ko\u015fullar\u0131na uygun \u015fekilde t\u00fcm toplumun faydalanaca\u011f\u0131 hizmetler sunarak T\u00fcrkiye\u2019de E\u011fitim alan\u0131nda katk\u0131 sa\u011flamay\u0131 hedeflemektedir.<\/p>\n<p>Sahip oldu\u011fumuz geni\u015f hizmet, bilgi ve i\u015f birli\u011fi a\u011f\u0131n\u0131 hedeflerine ula\u015fmada en iyi \u015fekilde de\u011ferlendiren Unsur Education Agency, standart belirleyen, ke\u015ffederek ilerleyen k\u00fcresel bir yurtd\u0131\u015f\u0131 e\u011fitim ajans\u0131 olma vizyonuyla, faydal\u0131 olaca\u011f\u0131na inand\u0131\u011f\u0131 i\u015fleri en iyi \u015fekilde yapmay\u0131 hedefler.<\/p>\n","protected":false},"excerpt":{"rendered":"<p>Unsur Education Agency, milli ve k\u00fclt\u00fcrel de\u011ferlerden \u00f6d\u00fcn vermeden, k\u00fcreselle\u015fen d\u00fcnyan\u0131n e\u011fitim ko\u015fullar\u0131na uygun \u015fekilde t\u00fcm toplumun faydalanaca\u011f\u0131 hizmetler sunarak T\u00fcrkiye\u2019de E\u011fitim alan\u0131nda katk\u0131 sa\u011flamay\u0131 hedeflemektedir. Sahip oldu\u011fumuz geni\u015f hizmet, bilgi ve i\u015f birli\u011fi a\u011f\u0131n\u0131 hedeflerine ula\u015fmada en iyi \u015fekilde de\u011ferlendiren Unsur Education Agency, standart belirleyen, ke\u015ffederek ilerleyen k\u00fcresel bir yurtd\u0131\u015f\u0131 e\u011fitim ajans\u0131 olma vizyonuyla, [&hellip;]<\/p>\n","protected":false},"author":1,"featured_media":0,"parent":0,"menu_order":0,"comment_status":"closed","ping_status":"closed","template":"sayfa\/biz-kimiz.php","meta":[],"_links":{"self":[{"href":"https:\/\/unsuredu.com\/tr\/wp-json\/wp\/v2\/pages\/49"}],"collection":[{"href":"https:\/\/unsuredu.com\/tr\/wp-json\/wp\/v2\/pages"}],"about":[{"href":"https:\/\/unsuredu.com\/tr\/wp-json\/wp\/v2\/types\/page"}],"author":[{"embeddable":true,"href":"https:\/\/unsuredu.com\/tr\/wp-json\/wp\/v2\/users\/1"}],"replies":[{"embeddable":true,"href":"https:\/\/unsuredu.com\/tr\/wp-json\/wp\/v2\/comments?post=49"}],"version-history":[{"count":1,"href":"https:\/\/unsuredu.com\/tr\/wp-json\/wp\/v2\/pages\/49\/revisions"}],"predecessor-version":[{"id":50,"href":"https:\/\/unsuredu.com\/tr\/wp-json\/wp\/v2\/pages\/49\/revisions\/50"}],"wp:attachment":[{"href":"https:\/\/unsuredu.com\/tr\/wp-json\/wp\/v2\/media?parent=49"}],"curies":[{"name":"wp","href":"https:\/\/api.w.org\/{rel}","templated":true}]}}