{"id":47,"date":"2022-01-04T10:32:30","date_gmt":"2022-01-04T07:32:30","guid":{"rendered":"http:\/\/unsuredu.com\/tr\/?page_id=47"},"modified":"2022-01-04T10:32:30","modified_gmt":"2022-01-04T07:32:30","slug":"neden-biz","status":"publish","type":"page","link":"https:\/\/unsuredu.com\/tr\/neden-biz\/","title":{"rendered":"NEDEN B\u0130Z"},"content":{"rendered":"<p>Unsur Education Agency olarak Yurtd\u0131\u015f\u0131 E\u011fitiminin ciddiyetini kavrayabilmi\u015f, nitelikli, deneyimli, h\u0131zl\u0131, kaliteli ve d\u00fcr\u00fcst hizmet politikas\u0131 ile hizmet sunmaktad\u0131r.<\/p>\n<p>Uzman ve deneyimli personeli ile ilk basamak olan \u00fclke ve okul se\u00e7iminden, vize i\u015flemleri, \u00fcniversite tan\u0131t\u0131mlar\u0131, ikamet ve sa\u011fl\u0131k izinleri, dil kurslar\u0131, ula\u015f\u0131m kolayl\u0131\u011f\u0131, denklik belgesi, \u00f6zel indirimli fiyatlar ve  e\u011fitim s\u00fcrecinin sonuna kadar her zaman maddi ve manevi  en iyi f\u0131rsatlar\u0131 ve olanaklar\u0131 sunmak i\u00e7in \u00e7al\u0131\u015fmaktad\u0131r.<\/p>\n<p>Gelecek y\u0131llardaki ana hedefi yurtd\u0131\u015f\u0131 e\u011fitim sekt\u00f6r\u00fcnde  \u00f6nc\u00fc ve y\u00f6nlendirici marka olmak olan Unsur Education Agency bunun ger\u00e7ekle\u015febilmesi i\u00e7in gerekli olan yolun, \u00f6\u011frenci memnuniyetinden ge\u00e7mekte oldu\u011funun bilincindedir.<\/p>\n","protected":false},"excerpt":{"rendered":"<p>Unsur Education Agency olarak Yurtd\u0131\u015f\u0131 E\u011fitiminin ciddiyetini kavrayabilmi\u015f, nitelikli, deneyimli, h\u0131zl\u0131, kaliteli ve d\u00fcr\u00fcst hizmet politikas\u0131 ile hizmet sunmaktad\u0131r. Uzman ve deneyimli personeli ile ilk basamak olan \u00fclke ve okul se\u00e7iminden, vize i\u015flemleri, \u00fcniversite tan\u0131t\u0131mlar\u0131, ikamet ve sa\u011fl\u0131k izinleri, dil kurslar\u0131, ula\u015f\u0131m kolayl\u0131\u011f\u0131, denklik belgesi, \u00f6zel indirimli fiyatlar ve e\u011fitim s\u00fcrecinin sonuna kadar her zaman [&hellip;]<\/p>\n","protected":false},"author":1,"featured_media":0,"parent":0,"menu_order":0,"comment_status":"closed","ping_status":"closed","template":"sayfa\/neden-biz.php","meta":[],"_links":{"self":[{"href":"https:\/\/unsuredu.com\/tr\/wp-json\/wp\/v2\/pages\/47"}],"collection":[{"href":"https:\/\/unsuredu.com\/tr\/wp-json\/wp\/v2\/pages"}],"about":[{"href":"https:\/\/unsuredu.com\/tr\/wp-json\/wp\/v2\/types\/page"}],"author":[{"embeddable":true,"href":"https:\/\/unsuredu.com\/tr\/wp-json\/wp\/v2\/users\/1"}],"replies":[{"embeddable":true,"href":"https:\/\/unsuredu.com\/tr\/wp-json\/wp\/v2\/comments?post=47"}],"version-history":[{"count":1,"href":"https:\/\/unsuredu.com\/tr\/wp-json\/wp\/v2\/pages\/47\/revisions"}],"predecessor-version":[{"id":48,"href":"https:\/\/unsuredu.com\/tr\/wp-json\/wp\/v2\/pages\/47\/revisions\/48"}],"wp:attachment":[{"href":"https:\/\/unsuredu.com\/tr\/wp-json\/wp\/v2\/media?parent=47"}],"curies":[{"name":"wp","href":"https:\/\/api.w.org\/{rel}","templated":true}]}}