{"id":128,"date":"2022-01-04T16:02:44","date_gmt":"2022-01-04T13:02:44","guid":{"rendered":"http:\/\/unsuredu.com\/tr\/?page_id=128"},"modified":"2022-01-04T16:02:44","modified_gmt":"2022-01-04T13:02:44","slug":"temsilci-ol","status":"publish","type":"page","link":"https:\/\/unsuredu.com\/tr\/temsilci-ol\/","title":{"rendered":"TEMS\u0130LC\u0130 OL"},"content":{"rendered":"<h2>TEMS\u0130LC\u0130M\u0130Z OLUN<\/h2>\n<p>Unsur Education Agency, milli ve k\u00fclt\u00fcrel de\u011ferlerden \u00f6d\u00fcn vermeden, k\u00fcreselle\u015fen d\u00fcnyan\u0131n e\u011fitim ko\u015fullar\u0131na uygun \u015fekilde t\u00fcm toplumun faydalanaca\u011f\u0131 hizmetler sunarak T\u00fcrkiye\u2019de E\u011fitim alan\u0131da katk\u0131 sa\u011flamay\u0131 hedeflemektedir.<\/p>\n<p>Uzman ve deneyimli personeli ile ilk basamak olan \u00fclke ve okul se\u00e7iminden, vize i\u015flemleri, \u00fcniversite tan\u0131t\u0131mlar\u0131, ikamet ve sa\u011fl\u0131k izinleri, dil kurslar\u0131, ula\u015f\u0131m kolayl\u0131\u011f\u0131, denklik belgesi, \u00f6zel indirimli fiyatlar ve  e\u011fitim s\u00fcrecinin sonuna kadar her zaman maddi ve manevi  en iyi f\u0131rsatlar\u0131 ve olanaklar\u0131 sunmak i\u00e7in \u00e7al\u0131\u015fmaktad\u0131r.<\/p>\n<h3>K\u0130MLER\u0130 ARIYORUZ<\/h3>\n<p>B\u00f6lgelerinde hakimiyet sahibi, \u015firketlerini b\u00fcy\u00fctmek i\u00e7in s\u00fcrekli yeni ad\u0131mlar atan, rekabet\u00e7i \u015firketler ve  bireyler ar\u0131yoruz.<\/p>\n<p>Sorumluluk sahibi, e\u011fitim sekt\u00f6r\u00fcnde bulunmu\u015f ki\u015filer ve kurulu\u015flar.<\/p>\n<p>En de\u011fer verdi\u011fimiz \u015fey markam\u0131zd\u0131r. Bu y\u00fczden marka ismini ta\u015f\u0131y\u0131p sekt\u00f6rel geli\u015fmelere ayak uyduracak kurulu\u015flar.<\/p>\n<p>B\u00f6lge\u2019de Unsur Education Agency\u2019nin reklam\u0131 yapabilecek, saha \u00e7al\u0131\u015fmas\u0131na elveri\u015fli ki\u015filer.<\/p>\n<p>&#8211; \u00dcNL\u00dc K\u0130\u015e\u0130LER <br \/>\n                                &#8211; OKULLAR VE E\u011e\u0130T\u0130M ENST\u0130T\u00dcLER\u0130<br \/>\n                                &#8211; D\u0130L KURSLARI<br \/>\n                                &#8211; T\u00dcRK\u0130YE \u0130LE \u00c7ALI\u015eAN H\u0130ZMET KURULU\u015eLARI<br \/>\n                                &#8211; \u00d6\u011eRENC\u0130 ACENTALARI<br \/>\n                                &#8211; TUR\u0130ZM ACENTALARI<br \/>\n                                &#8211; E\u011e\u0130T\u0130M G\u00d6REVL\u0130LER\u0130<\/p>\n<h3>HEDEF\u0130M\u0130Z<\/h3>\n<p>\u0130lkeli, g\u00fcvenilir ve faydal\u0131 bir e\u011fitim turizminin yayg\u0131nla\u015fmas\u0131na katk\u0131 sa\u011flamak.<\/p>\n<p>Her iki tarafa da maddi ve manevi kazan\u00e7 olu\u015fturmak.<\/p>\n<p>E\u011fitim sekt\u00f6r\u00fcnde d\u00fcnya \u00fczeride etkin bir oyuncu olup, bu ba\u015far\u0131y\u0131 partnerlerimizle uzun vadede s\u00fcrd\u00fcrmek.<\/p>\n<h3>B\u0130RL\u0130KTE \u00c7ALI\u015eMANIN \u0130LK ADIMI OLAN FORMU DOLDURUNUZ.<\/h3>\n<p><\/p>\n<h2>TEMS\u0130LC\u0130 FORMU<\/h2>\n<p>A\u015fa\u011f\u0131daki formu doldurup bize g\u00f6ndererek, ofis personelimizin sizinle ileti\u015fime ge\u00e7mesini sa\u011flayabilirsiniz<\/p>\n","protected":false},"excerpt":{"rendered":"<p>TEMS\u0130LC\u0130M\u0130Z OLUN Unsur Education Agency, milli ve k\u00fclt\u00fcrel de\u011ferlerden \u00f6d\u00fcn vermeden, k\u00fcreselle\u015fen d\u00fcnyan\u0131n e\u011fitim ko\u015fullar\u0131na uygun \u015fekilde t\u00fcm toplumun faydalanaca\u011f\u0131 hizmetler sunarak T\u00fcrkiye\u2019de E\u011fitim alan\u0131da katk\u0131 sa\u011flamay\u0131 hedeflemektedir. Uzman ve deneyimli personeli ile ilk basamak olan \u00fclke ve okul se\u00e7iminden, vize i\u015flemleri, \u00fcniversite tan\u0131t\u0131mlar\u0131, ikamet ve sa\u011fl\u0131k izinleri, dil kurslar\u0131, ula\u015f\u0131m kolayl\u0131\u011f\u0131, denklik belgesi, \u00f6zel [&hellip;]<\/p>\n","protected":false},"author":1,"featured_media":0,"parent":0,"menu_order":0,"comment_status":"closed","ping_status":"closed","template":"sayfa\/kayit-ol.php","meta":[],"_links":{"self":[{"href":"https:\/\/unsuredu.com\/tr\/wp-json\/wp\/v2\/pages\/128"}],"collection":[{"href":"https:\/\/unsuredu.com\/tr\/wp-json\/wp\/v2\/pages"}],"about":[{"href":"https:\/\/unsuredu.com\/tr\/wp-json\/wp\/v2\/types\/page"}],"author":[{"embeddable":true,"href":"https:\/\/unsuredu.com\/tr\/wp-json\/wp\/v2\/users\/1"}],"replies":[{"embeddable":true,"href":"https:\/\/unsuredu.com\/tr\/wp-json\/wp\/v2\/comments?post=128"}],"version-history":[{"count":1,"href":"https:\/\/unsuredu.com\/tr\/wp-json\/wp\/v2\/pages\/128\/revisions"}],"predecessor-version":[{"id":129,"href":"https:\/\/unsuredu.com\/tr\/wp-json\/wp\/v2\/pages\/128\/revisions\/129"}],"wp:attachment":[{"href":"https:\/\/unsuredu.com\/tr\/wp-json\/wp\/v2\/media?parent=128"}],"curies":[{"name":"wp","href":"https:\/\/api.w.org\/{rel}","templated":true}]}}