{"id":95,"date":"2022-01-04T10:59:45","date_gmt":"2022-01-04T07:59:45","guid":{"rendered":"http:\/\/unsuredu.com\/ar\/?page_id=95"},"modified":"2022-01-17T12:01:13","modified_gmt":"2022-01-17T09:01:13","slug":"turkey-reasons-for-studying-in-turkey","status":"publish","type":"page","link":"https:\/\/unsuredu.com\/ar\/turkey-reasons-for-studying-in-turkey\/","title":{"rendered":"TURKEY REASONS FOR STUDYING IN TURKEY"},"content":{"rendered":"<p>Farkl\u0131 etnik gruplar\u0131n bir arada ya\u015fad\u0131\u011f\u0131, k\u00fclt\u00fcrel zenginli\u011fin fazla oldu\u011fu ve b\u00f6lgesindeki en g\u00fcvenli \u00fclkelerden olan T\u00fcrkiye\u2019de yabanc\u0131lar i\u00e7in \u00fcniversite okuman\u0131n avantajlar\u0131 da bir hayli fazla olmaktad\u0131r. T\u00fcrkiye\u2019de uluslararas\u0131 ge\u00e7erlili\u011fi olan modern tarzda \u00fcniversite e\u011fitimleri verilmektedir. \u00dcniversitelerin e\u011fitim dilleri \u0130ngilizce ve T\u00fcrk\u00e7e olmakla birlikte kabul edilen her aday i\u00e7in dil e\u011fitimi sa\u011flanmakta ve haz\u0131rl\u0131k s\u0131n\u0131flar\u0131ndan sonra \u00fcniversite b\u00f6l\u00fcmlerine ge\u00e7i\u015f olmaktad\u0131r.<\/p>\n<h3>Y\u00dcKSEK KAL\u0130TE E\u011e\u0130T\u0130M\u0130<\/h3>\n<p>\u0130yi yap\u0131land\u0131r\u0131lm\u0131\u015f ve sayg\u0131n T\u00fcrk \u00dcniversiteleri, sizi daha iyi bir gelece\u011fe haz\u0131rlamak i\u00e7in y\u00fcksek kaliteli e\u011fitim veriyor\u2026<\/p>\n<h3>\u00d6\u011eRENC\u0130 \u015eEH\u0130RLER\u0130<\/h3>\n<p>Me\u015fhur T\u00fcrk misafirperverli\u011fi ile  \u00f6\u011frenci \u015fehirleri sizin i\u00e7in mutlulu\u011fu ve ba\u015far\u0131y\u0131 geli\u015ftiriyor\u2026<\/p>\n<h3>KAMP\u00dcS YA\u015eAMI<\/h3>\n<p>\u00c7o\u011fu T\u00fcrk \u00fcniversitesi size canl\u0131  ve ilham verici bir kamp\u00fcs hayat\u0131 sunuyor \u2026 \u015eehir kamp\u00fcs\u00fc se\u00e7enekleriniz de var\u2026<\/p>\n<h3>F\u0130NANSAL UYGUN<\/h3>\n<p>\u0130htiyac\u0131n\u0131z olan her \u015feyi sa\u011flaman\u0131n yan\u0131 s\u0131ra, T\u00fcrkiye\u2019de e\u011fitim g\u00f6rmek hala bir\u00e7ok \u00f6nde gelen destinasyondan daha ucuz\u2026<\/p>\n<h3>D\u00dcNYA \u00c7APINDA TANINAN \u00dcN\u0130VERS\u0130TELER\u0130<\/h3>\n<p>T\u00fcm T\u00fcrk \u00fcniversiteleri Y\u00fcksek\u00f6\u011fretim Kurulu taraf\u0131ndan onayl\u0131d\u0131r ve s\u0131k\u0131 kalite kontrollerine tabidir\u2026<\/p>\n<h3>AVRUPA Y\u00dcKSEK \u00d6\u011eRET\u0130M ALANINDA<\/h3>\n<p>T\u00fcrkiye, 2001\u2019den beri Bologna S\u00fcreci \/ Avrupa Y\u00fcksek E\u011fitim Alan\u0131n\u0131n tam \u00fcyesidir\u2026<\/p>\n<h3>AVRUPA KRED\u0130 TRANSFER S\u0130STEM\u0130<\/h3>\n<p>T\u00fcrk \u00fcniversiteleri, kredi transferlerini ve uluslararas\u0131 \u00f6\u011frenci hareketlili\u011fini kolayla\u015ft\u0131ran AKTS sistemi standartlar\u0131n\u0131 benimsemi\u015ftir \u2026<\/p>\n<h3>AB BANKALARI \u0130LE DE\u011e\u0130\u015e\u0130M<\/h3>\n<p>T\u00fcrkiye, AB finansman \u00f6\u011frencisi ve personel hareketlili\u011fi Erasmus + program\u0131n\u0131n en aktif kat\u0131l\u0131mc\u0131lar\u0131ndan biri\u2026<\/p>\n<h3>GEN\u0130\u015e BURS FIRSATLARI<\/h3>\n<p>\u00dcniversite burslar\u0131na ek olarak, T\u00fcrk H\u00fck\u00fcmeti ve \u00f6zel vak\u0131flar da binlerce ba\u015far\u0131ya dayal\u0131 tam burs vermektedir\u2026<\/p>\n<h3>ULUSLARARASI VE \u00c7E\u015e\u0130TL\u0130L\u0130K<\/h3>\n<p>Uluslararas\u0131la\u015ft\u0131rmada b\u00fcy\u00fck ad\u0131mlar atan T\u00fcrk HE, 179 \u00fclkeden 108.076 yabanc\u0131 \u00f6\u011frenciyi a\u011f\u0131rl\u0131yor (2017)\u2026<\/p>\n<h3>YABANCI D\u0130LLERDE 2.000+ KURS<\/h3>\n<p>2.000\u2019den fazla kurs \u0130ngilizce ve di\u011fer yabanc\u0131 dillerde \u00f6\u011fretiliyor ve bu say\u0131 s\u00fcrekli art\u0131yor \u2026<\/p>\n<h3>ULUSLARARASI FAK\u00dcLTE VE DERS PROGRAMI<\/h3>\n<p>En iyi uluslararas\u0131 \u00fcniversitelerden doktora derecesi olan binlerce akademisyen: \u00e7a\u011fda\u015f m\u00fcfredatlar kuruyorlar\u2026<\/p>\n<h3>K\u00dcRESEL TANINMI\u015e<\/h3>\n<p>ENIC-NARIC veri taban\u0131na dahil olan t\u00fcm T\u00fcrk \u00fcniversiteleri ve dereceleri d\u00fcnya \u00e7ap\u0131nda tan\u0131n\u0131r\u2026<\/p>\n<h3>B\u0130RL\u0130KTE \u00c7ALI\u015eMA<\/h3>\n<p>\u00d6nde gelen T\u00fcrk \u00fcniversiteleri uluslararas\u0131 s\u0131ralamada s\u00fcrekli t\u0131rman\u0131yor ve ilk 500\u2019de bir\u00e7ok ki\u015fi var\u2026<\/p>\n<h3>B\u0130L\u0130M VE TEKNOLOJ\u0130<\/h3>\n<p>T\u00fcrkiye\u2019nin uzun s\u00fcredir b\u00f6lgesel bir bilim ve teknoloji merkezi oldu\u011fu; \u015fimdi, k\u00fcresel bir olarak ortaya \u00e7\u0131k\u0131yor \u2026<\/p>\n<h3>E\u011e\u0130T\u0130M KAL\u0130TES\u0130<\/h3>\n<p>T\u00fcrk Y\u00fcksek \u00d6\u011frenimi, toplum ve i\u015f d\u00fcnyas\u0131 ile h\u0131zla el ele geli\u015fiyor \u2026<\/p>\n<h3>GEN\u0130\u015e \u0130\u015e FIRSATLARI<\/h3>\n<p>T\u00fcrkiye\u2019nin b\u00fcy\u00fck ve h\u0131zla b\u00fcy\u00fcyen ekonomisinin sana ihtiyac\u0131 var! T\u00fcrkiye\u2019de \u00e7al\u0131\u015f\u0131rken yasal olarak \u00e7al\u0131\u015fabilir ve kazanabilirsiniz\u2026<\/p>\n<h3>\u0130ST\u0130HDAM<\/h3>\n<p>T\u00fcrk \u00fcniversiteleri mezuniyetten sonra da istihdam edilmeniz ve ba\u015far\u0131l\u0131 olman\u0131z gerekti\u011finin fark\u0131ndad\u0131r\u2026<\/p>\n<h3>EKONOM\u0130 D\u00dcZEY\u0130<\/h3>\n<p>T\u00fcrkiye, d\u00fcnyadaki en b\u00fcy\u00fck 20 geli\u015fmi\u015f ekonomiden biridir ve bunlar\u0131n aras\u0131nda en h\u0131zl\u0131 b\u00fcy\u00fcyen\u2026<\/p>\n<h3>ZENG\u0130N K\u00dcLT\u00dcR<\/h3>\n<p>Bat\u0131 ve do\u011fu k\u00fclt\u00fcrel hazinelerinin e\u015fsiz bir kar\u0131\u015f\u0131m\u0131, \u00e7i\u00e7eklerini a\u00e7\u0131\u011fa \u00e7\u0131karman\u0131z\u0131 bekliyor; tad\u0131n\u0131 \u00e7\u0131kar!<\/p>\n<h3>E\u015eS\u0130Z B\u0130R CO\u011eRAFYA VE DO\u011eA<\/h3>\n<p>Bat\u0131 ve do\u011fu d\u00fcnyalar\u0131 aras\u0131nda bir k\u00f6pr\u00fc olan T\u00fcrkiye, muhte\u015fem bir do\u011faya sahip e\u015fsiz bir co\u011frafyaya yerle\u015fmi\u015f\u2026<\/p>\n<h3>TUR\u0130ZM<\/h3>\n<p>Say\u0131s\u0131z cazibe merkezi ile T\u00fcrkiye, turizm ve uluslararas\u0131 seyahat i\u00e7in d\u00fcnyan\u0131n en \u00f6nemli yerlerinden biri\u2026<\/p>\n<h3>SA\u011eLIK VE G\u00dcVENL\u0130K S\u0130STEM\u0130<\/h3>\n<p>Herkese a\u00e7\u0131k, geli\u015fmi\u015f sa\u011fl\u0131k ve g\u00fcvenlik sistemi ile T\u00fcrkiye size g\u00fcvenli ve sa\u011fl\u0131kl\u0131 bir konaklama vaat ediyor\u2026<\/p>\n<h3>D\u0130N VE \u0130NAN\u00c7 \u00d6ZG\u00dcRL\u00dc\u011e\u00dc<\/h3>\n<p>N\u00fcfusunun \u00e7o\u011funlu\u011fu M\u00fcsl\u00fcman olsa da, T\u00fcrkiye t\u00fcm dinlere ve inan\u00e7lara sayg\u0131l\u0131 laik bir devlet\u2026<\/p>\n<h3>D\u00dcNYADA T\u00dcRK MUTFA\u011eI<\/h3>\n<p>D\u00fcnyaca \u00fcnl\u00fc T\u00fcrk Mutfa\u011f\u0131, s\u0131n\u0131rs\u0131z \u00e7e\u015fitlerini ve e\u015fsiz lezzetlerini tatman\u0131z\u0131 bekliyor; tad\u0131n\u0131 \u00e7\u0131kar!<\/p>\n<h3>E\u011eLENCE<\/h3>\n<p>T\u00fcrkiye, istisnas\u0131z herkese hitap eden sonsuz bir e\u011flence, e\u011flence ve e\u011flence \u00e7e\u015fitlili\u011fi sunuyor\u2026<\/p>\n<h3>ALI\u015eVER\u0130\u015e<\/h3>\n<p>T\u00fcrkiye, geleneksel d\u00fckkanlar ve pazarlar\u0131n yan\u0131 s\u0131ra, her yerde y\u00fczlerce dev al\u0131\u015fveri\u015f merkezi ile al\u0131\u015fveri\u015f yapmak i\u00e7in bir cennettir\u2026<\/p>\n","protected":false},"excerpt":{"rendered":"<p>Farkl\u0131 etnik gruplar\u0131n bir arada ya\u015fad\u0131\u011f\u0131, k\u00fclt\u00fcrel zenginli\u011fin fazla oldu\u011fu ve b\u00f6lgesindeki en g\u00fcvenli \u00fclkelerden olan T\u00fcrkiye\u2019de yabanc\u0131lar i\u00e7in \u00fcniversite okuman\u0131n avantajlar\u0131 da bir hayli fazla olmaktad\u0131r. T\u00fcrkiye\u2019de uluslararas\u0131 ge\u00e7erlili\u011fi olan modern tarzda \u00fcniversite e\u011fitimleri verilmektedir. \u00dcniversitelerin e\u011fitim dilleri \u0130ngilizce ve T\u00fcrk\u00e7e olmakla birlikte kabul edilen her aday i\u00e7in dil e\u011fitimi sa\u011flanmakta ve haz\u0131rl\u0131k s\u0131n\u0131flar\u0131ndan [&hellip;]<\/p>\n","protected":false},"author":1,"featured_media":0,"parent":0,"menu_order":0,"comment_status":"closed","ping_status":"closed","template":"sayfa\/okumak-icin-nedenler.php","meta":[],"_links":{"self":[{"href":"https:\/\/unsuredu.com\/ar\/wp-json\/wp\/v2\/pages\/95"}],"collection":[{"href":"https:\/\/unsuredu.com\/ar\/wp-json\/wp\/v2\/pages"}],"about":[{"href":"https:\/\/unsuredu.com\/ar\/wp-json\/wp\/v2\/types\/page"}],"author":[{"embeddable":true,"href":"https:\/\/unsuredu.com\/ar\/wp-json\/wp\/v2\/users\/1"}],"replies":[{"embeddable":true,"href":"https:\/\/unsuredu.com\/ar\/wp-json\/wp\/v2\/comments?post=95"}],"version-history":[{"count":2,"href":"https:\/\/unsuredu.com\/ar\/wp-json\/wp\/v2\/pages\/95\/revisions"}],"predecessor-version":[{"id":381,"href":"https:\/\/unsuredu.com\/ar\/wp-json\/wp\/v2\/pages\/95\/revisions\/381"}],"wp:attachment":[{"href":"https:\/\/unsuredu.com\/ar\/wp-json\/wp\/v2\/media?parent=95"}],"curies":[{"name":"wp","href":"https:\/\/api.w.org\/{rel}","templated":true}]}}